{"id":205,"date":"2021-05-20T12:53:29","date_gmt":"2021-05-20T16:53:29","guid":{"rendered":"http:\/\/axelliteleadership.local\/?page_id=205"},"modified":"2023-06-07T12:09:35","modified_gmt":"2023-06-07T16:09:35","slug":"team","status":"publish","type":"page","link":"https:\/\/axelliteleadership.com\/fr\/team\/","title":{"rendered":"Team"},"content":{"rendered":"\n<div class=\"block block--emphasis block--background-accent\" id=\"\">\n  <div class=\"container\">\n\n    <div class=\"content\">\n      <h1 style=\"text-align: center\">Notre <em>\u00c9quipe<\/em><\/h1>\n<p style=\"text-align: center\">Nos formateurs principaux ont une exp\u00e9rience et des connaissances approfondies qui aident les dirigeant.es de tous les secteurs \u00e0 \u00e9tablir les bases solides d\u2019un leadership fructueux. Notre formation n\u2019est pas th\u00e9orique; nous offrons plut\u00f4t des s\u00e9ances exp\u00e9rientielles, pratiques et concr\u00e8tes.<\/p>\n    <\/div>\n\n  <\/div>\n<\/div>\n\n\n\n\n  <div class=\"block block--team-members\" id=\"\">\n    <div class=\"container\">\n\n      <ol>\n                  <li>\n            <div class=\"thumbnail\">\n              <img loading=\"lazy\" decoding=\"async\" width=\"467\" height=\"700\" src=\"https:\/\/axelliteleadership.com\/fr\/wp-content\/uploads\/sites\/4\/2021\/06\/katarina-haddad-467x700.jpg\" class=\"attachment-team size-team wp-post-image\" alt=\"Katarina Haddad\" srcset=\"https:\/\/axelliteleadership.com\/fr\/wp-content\/uploads\/sites\/4\/2021\/06\/katarina-haddad-467x700.jpg 467w, https:\/\/axelliteleadership.com\/fr\/wp-content\/uploads\/sites\/4\/2021\/06\/katarina-haddad-200x300.jpg 200w, https:\/\/axelliteleadership.com\/fr\/wp-content\/uploads\/sites\/4\/2021\/06\/katarina-haddad-683x1024.jpg 683w, https:\/\/axelliteleadership.com\/fr\/wp-content\/uploads\/sites\/4\/2021\/06\/katarina-haddad-768x1152.jpg 768w, https:\/\/axelliteleadership.com\/fr\/wp-content\/uploads\/sites\/4\/2021\/06\/katarina-haddad-1024x1536.jpg 1024w, https:\/\/axelliteleadership.com\/fr\/wp-content\/uploads\/sites\/4\/2021\/06\/katarina-haddad-100x150.jpg 100w, https:\/\/axelliteleadership.com\/fr\/wp-content\/uploads\/sites\/4\/2021\/06\/katarina-haddad-67x100.jpg 67w, https:\/\/axelliteleadership.com\/fr\/wp-content\/uploads\/sites\/4\/2021\/06\/katarina-haddad-117x175.jpg 117w, https:\/\/axelliteleadership.com\/fr\/wp-content\/uploads\/sites\/4\/2021\/06\/katarina-haddad-512x768.jpg 512w, https:\/\/axelliteleadership.com\/fr\/wp-content\/uploads\/sites\/4\/2021\/06\/katarina-haddad.jpg 1321w\" sizes=\"auto, (max-width: 467px) 100vw, 467px\" \/>            <\/div>\n            <div class=\"content\">\n              <h2>\n                <span>Katarina Haddad<\/span>\n                                                  <span>,&nbsp;<\/span>\n                  <span>MBA<\/span>\n                                  <span>,&nbsp;<\/span>\n                  <span>PCC<\/span>\n                              <\/h2>\n              <div class=\"bio\">\n                <p>Katarina est une facilitatrice aguerrie et une coach certifi\u00e9e aupr\u00e8s de ICF. Depuis les dix derni\u00e8res ann\u00e9es, elle a travaill\u00e9 \u00e9troitement avec plusieurs grandes entreprises nord-am\u00e9ricaines et internationales, et a conseill\u00e9 des milliers de dirigeant.e.s. En tant que fondatrice et pr\u00e9sidente d&rsquo;Axellite Leadership, elle croit que le leadership efficace commence d&rsquo;abord par la capacit\u00e9 \u00e0 se diriger soi-m\u00eame. Elle s&rsquo;investit sans r\u00e9serve dans l&rsquo;accompagnement des dirigeant.e.s afin qu&rsquo;ils.elles atteignent la pleine ma\u00eetrise de leurs capacit\u00e9s et puissent ainsi s&rsquo;\u00e9panouir dans des environnements complexes, mener des \u00e9quipes agiles et inclusives, et avoir une vie et une carri\u00e8re des plus satisfaisantes. Katarina favorise le succ\u00e8s des dirigeant.e.s en les outillant avec les aptitudes et les attitudes qui r\u00e9v\u00e8lent la meilleure version d&rsquo;eux-m\u00eames. Elle est particuli\u00e8rement engag\u00e9e \u00e0 changer le paradigme et \u00e0 appuyer les pratiques organisationnelles qui font la promotion de la sant\u00e9 mentale. Ses aptitudes en tant que facilitatrice et son expertise cr\u00e9ent un climat d&rsquo;ouverture dans lequel les participant.e.s peuvent discuter de mani\u00e8re empathique afin de lutter contre la stigmatisation. Katarina est certifi\u00e9e en tant que coach professionnelle avec l&rsquo;International Coaching Federation et elle poss\u00e8de la certification de Queens University pour le programme leadership en sant\u00e9 mentale au travail. Elle d\u00e9tient aussi un MBA Ex\u00e9cutif de l&rsquo;Universit\u00e9 de Sherbrooke. Katarina adore le plein-air; ces jours-ci elle se r\u00e9jouit en randonn\u00e9e de montagne avec ses chiens, en ski de fond l\u2019hiver et en v\u00e9lo de gravel l\u2019\u00e9t\u00e9.<\/p>\n              <\/div>\n                              <div class=\"linkedin\">\n                  <a href=\"https:\/\/www.linkedin.com\/in\/katarinahaddad\/\" target=\"_blank\">\n                    Profil LinkedIn                  <\/a>\n                <\/div>\n                          <\/div>\n          <\/li>\n                  <li>\n            <div class=\"thumbnail\">\n              <img loading=\"lazy\" decoding=\"async\" width=\"467\" height=\"700\" src=\"https:\/\/axelliteleadership.com\/fr\/wp-content\/uploads\/sites\/4\/2021\/06\/jean-francois-thibault-467x700.jpg\" class=\"attachment-team size-team wp-post-image\" alt=\"Jean-Francois Thibault\" srcset=\"https:\/\/axelliteleadership.com\/fr\/wp-content\/uploads\/sites\/4\/2021\/06\/jean-francois-thibault-467x700.jpg 467w, https:\/\/axelliteleadership.com\/fr\/wp-content\/uploads\/sites\/4\/2021\/06\/jean-francois-thibault-200x300.jpg 200w, https:\/\/axelliteleadership.com\/fr\/wp-content\/uploads\/sites\/4\/2021\/06\/jean-francois-thibault-683x1024.jpg 683w, https:\/\/axelliteleadership.com\/fr\/wp-content\/uploads\/sites\/4\/2021\/06\/jean-francois-thibault-768x1152.jpg 768w, https:\/\/axelliteleadership.com\/fr\/wp-content\/uploads\/sites\/4\/2021\/06\/jean-francois-thibault-1024x1536.jpg 1024w, https:\/\/axelliteleadership.com\/fr\/wp-content\/uploads\/sites\/4\/2021\/06\/jean-francois-thibault-100x150.jpg 100w, https:\/\/axelliteleadership.com\/fr\/wp-content\/uploads\/sites\/4\/2021\/06\/jean-francois-thibault-67x100.jpg 67w, https:\/\/axelliteleadership.com\/fr\/wp-content\/uploads\/sites\/4\/2021\/06\/jean-francois-thibault-117x175.jpg 117w, https:\/\/axelliteleadership.com\/fr\/wp-content\/uploads\/sites\/4\/2021\/06\/jean-francois-thibault-512x768.jpg 512w, https:\/\/axelliteleadership.com\/fr\/wp-content\/uploads\/sites\/4\/2021\/06\/jean-francois-thibault.jpg 1321w\" sizes=\"auto, (max-width: 467px) 100vw, 467px\" \/>            <\/div>\n            <div class=\"content\">\n              <h2>\n                <span>Jean-Fran\u00e7ois Thibault<\/span>\n                                                  <span>,&nbsp;<\/span>\n                  <span>PCC<\/span>\n                              <\/h2>\n              <div class=\"bio\">\n                <p>Jean-Fran\u00e7ois est un facilitateur, coach ICF et entrepreneur exp\u00e9riment\u00e9. Profond\u00e9ment convaincu de la capacit\u00e9 de chaque individu \u00e0 se r\u00e9aliser pleinement, il est un ardent promoteur du \u00ab leadership de soi \u00bb. Il a travaill\u00e9 de pr\u00e8s avec des milliers de dirigeant.e.s dans un large \u00e9ventail d&rsquo;industries et \u00e0 tous les niveaux organisationnels, appliquant une approche holistique ancr\u00e9e dans la m\u00e9decine fonctionnelle, la naturoth\u00e9rapie et la nutrition, la neuroscience, l&rsquo;intelligence \u00e9motionnelle, entre autres disciplines. En plus de son r\u00f4le de facilitateur et de coach au sein d&rsquo;Axellite Leadership, il a fond\u00e9 la soci\u00e9t\u00e9 s\u0153ur, Axellite Sant\u00e9 globale en 2004, une entreprise de sant\u00e9 holistique. Il d\u00e9tient, entre autres, un certificat de coaching professionnel de l&rsquo;International Coaching Federation, un dipl\u00f4me avanc\u00e9 de facilitateur aupr\u00e8s de Ten Directions, et dipl\u00f4m\u00e9 du programme \u00c9lite de l&rsquo;\u00c9cole d&rsquo;Entrepreneurship de Beauce, o\u00f9 il a remport\u00e9 le titre d&rsquo;entrepreneur MVP de sa promotion. JF adore \u00e9galement le plein-air, est un cycliste passionn\u00e9, aime la randonn\u00e9e en montagne, le ski de fond et pratique le Qi-Gong et\/ou la m\u00e9ditation quotidiennement.<\/p>\n              <\/div>\n                              <div class=\"linkedin\">\n                  <a href=\"https:\/\/www.linkedin.com\/in\/coachjft\/\" target=\"_blank\">\n                    Profil LinkedIn                  <\/a>\n                <\/div>\n                          <\/div>\n          <\/li>\n              <\/ol>\n\n    <\/div>\n  <\/div>\n\n\n\n  <div class=\"block block--tiles link-blocks\" id=\"\">\n    <div class=\"container\">\n\n      <ul>\n\n                  \n          <li>\n            <a href=\"https:\/\/axelliteleadership.com\/fr\/workshop\/\" class=\"tile\">\n              <div class=\"thumbnail\">\n                <img loading=\"lazy\" decoding=\"async\" width=\"450\" height=\"425\" src=\"https:\/\/axelliteleadership.com\/fr\/wp-content\/uploads\/sites\/4\/2021\/07\/tile-lead-yourself-up-450x425.jpg\" class=\"attachment-tile size-tile\" alt=\"\" srcset=\"https:\/\/axelliteleadership.com\/fr\/wp-content\/uploads\/sites\/4\/2021\/07\/tile-lead-yourself-up.jpg 450w, https:\/\/axelliteleadership.com\/fr\/wp-content\/uploads\/sites\/4\/2021\/07\/tile-lead-yourself-up-300x283.jpg 300w, https:\/\/axelliteleadership.com\/fr\/wp-content\/uploads\/sites\/4\/2021\/07\/tile-lead-yourself-up-100x94.jpg 100w, https:\/\/axelliteleadership.com\/fr\/wp-content\/uploads\/sites\/4\/2021\/07\/tile-lead-yourself-up-106x100.jpg 106w, https:\/\/axelliteleadership.com\/fr\/wp-content\/uploads\/sites\/4\/2021\/07\/tile-lead-yourself-up-175x165.jpg 175w\" sizes=\"auto, (max-width: 450px) 100vw, 450px\" \/>              <\/div>\n              <div class=\"content\">\n                <h2 class=\"title\">\n                  Programme Propulse ton Leadership                <\/h2>\n                <div class=\"excerpt\">\n                  Programme de formation afin d&rsquo;aider les leaders \u00e0 \u00eatre la meilleure version d&rsquo;eux m\u00eame                <\/div>\n                <div class=\"cta\">\n                  <span class=\"btn btn--ghost\">En savoir plus<\/span>\n                <\/div>\n              <\/div>\n            <\/a>\n          <\/li>\n                  \n          <li>\n            <a href=\"https:\/\/axelliteleadership.com\/fr\/services\/#360-assessments\" class=\"tile\">\n              <div class=\"thumbnail\">\n                <img loading=\"lazy\" decoding=\"async\" width=\"450\" height=\"425\" src=\"https:\/\/axelliteleadership.com\/fr\/wp-content\/uploads\/sites\/4\/2021\/07\/tile-360-assessments-450x425.jpg\" class=\"attachment-tile size-tile\" alt=\"\" srcset=\"https:\/\/axelliteleadership.com\/fr\/wp-content\/uploads\/sites\/4\/2021\/07\/tile-360-assessments-450x425.jpg 450w, https:\/\/axelliteleadership.com\/fr\/wp-content\/uploads\/sites\/4\/2021\/07\/tile-360-assessments-300x283.jpg 300w, https:\/\/axelliteleadership.com\/fr\/wp-content\/uploads\/sites\/4\/2021\/07\/tile-360-assessments-768x725.jpg 768w, https:\/\/axelliteleadership.com\/fr\/wp-content\/uploads\/sites\/4\/2021\/07\/tile-360-assessments-100x94.jpg 100w, https:\/\/axelliteleadership.com\/fr\/wp-content\/uploads\/sites\/4\/2021\/07\/tile-360-assessments-106x100.jpg 106w, https:\/\/axelliteleadership.com\/fr\/wp-content\/uploads\/sites\/4\/2021\/07\/tile-360-assessments-600x567.jpg 600w, https:\/\/axelliteleadership.com\/fr\/wp-content\/uploads\/sites\/4\/2021\/07\/tile-360-assessments-175x165.jpg 175w, https:\/\/axelliteleadership.com\/fr\/wp-content\/uploads\/sites\/4\/2021\/07\/tile-360-assessments-512x484.jpg 512w, https:\/\/axelliteleadership.com\/fr\/wp-content\/uploads\/sites\/4\/2021\/07\/tile-360-assessments.jpg 900w\" sizes=\"auto, (max-width: 450px) 100vw, 450px\" \/>              <\/div>\n              <div class=\"content\">\n                <h2 class=\"title\">\n                  \u00c9valuations 360\u00ba                 <\/h2>\n                <div class=\"excerpt\">\n                  Processus de feedback complet qui aide les leaders \u00e0 maximiser leur impact et leur efficacit\u00e9                <\/div>\n                <div class=\"cta\">\n                  <span class=\"btn btn--ghost\">En savoir plus<\/span>\n                <\/div>\n              <\/div>\n            <\/a>\n          <\/li>\n                  \n          <li>\n            <a href=\"https:\/\/axelliteleadership.com\/fr\/services\/#executive-coaching\" class=\"tile\">\n              <div class=\"thumbnail\">\n                <img loading=\"lazy\" decoding=\"async\" width=\"450\" height=\"425\" src=\"https:\/\/axelliteleadership.com\/fr\/wp-content\/uploads\/sites\/4\/2021\/07\/tile-executive-coaching-450x425.jpg\" class=\"attachment-tile size-tile\" alt=\"\" srcset=\"https:\/\/axelliteleadership.com\/fr\/wp-content\/uploads\/sites\/4\/2021\/07\/tile-executive-coaching-450x425.jpg 450w, https:\/\/axelliteleadership.com\/fr\/wp-content\/uploads\/sites\/4\/2021\/07\/tile-executive-coaching-300x283.jpg 300w, https:\/\/axelliteleadership.com\/fr\/wp-content\/uploads\/sites\/4\/2021\/07\/tile-executive-coaching-768x725.jpg 768w, https:\/\/axelliteleadership.com\/fr\/wp-content\/uploads\/sites\/4\/2021\/07\/tile-executive-coaching-100x94.jpg 100w, https:\/\/axelliteleadership.com\/fr\/wp-content\/uploads\/sites\/4\/2021\/07\/tile-executive-coaching-106x100.jpg 106w, https:\/\/axelliteleadership.com\/fr\/wp-content\/uploads\/sites\/4\/2021\/07\/tile-executive-coaching-600x567.jpg 600w, https:\/\/axelliteleadership.com\/fr\/wp-content\/uploads\/sites\/4\/2021\/07\/tile-executive-coaching-175x165.jpg 175w, https:\/\/axelliteleadership.com\/fr\/wp-content\/uploads\/sites\/4\/2021\/07\/tile-executive-coaching-512x484.jpg 512w, https:\/\/axelliteleadership.com\/fr\/wp-content\/uploads\/sites\/4\/2021\/07\/tile-executive-coaching.jpg 900w\" sizes=\"auto, (max-width: 450px) 100vw, 450px\" \/>              <\/div>\n              <div class=\"content\">\n                <h2 class=\"title\">\n                  Coaching Ex\u00e9cutif                <\/h2>\n                <div class=\"excerpt\">\n                  Un soutien individualis\u00e9 pour \u00e9pauler les leaders dans l\u2019atteinte de leurs objectifs.                <\/div>\n                <div class=\"cta\">\n                  <span class=\"btn btn--ghost\">En savoir plus<\/span>\n                <\/div>\n              <\/div>\n            <\/a>\n          <\/li>\n                  \n          <li>\n            <a href=\"https:\/\/axelliteleadership.com\/fr\/conferences\/\" class=\"tile\">\n              <div class=\"thumbnail\">\n                <img loading=\"lazy\" decoding=\"async\" width=\"450\" height=\"425\" src=\"https:\/\/axelliteleadership.com\/fr\/wp-content\/uploads\/sites\/4\/2023\/06\/Conference-Bottom-450x425.jpg\" class=\"attachment-tile size-tile\" alt=\"\" srcset=\"https:\/\/axelliteleadership.com\/fr\/wp-content\/uploads\/sites\/4\/2023\/06\/Conference-Bottom-450x425.jpg 450w, https:\/\/axelliteleadership.com\/fr\/wp-content\/uploads\/sites\/4\/2023\/06\/Conference-Bottom-300x283.jpg 300w, https:\/\/axelliteleadership.com\/fr\/wp-content\/uploads\/sites\/4\/2023\/06\/Conference-Bottom-768x725.jpg 768w, https:\/\/axelliteleadership.com\/fr\/wp-content\/uploads\/sites\/4\/2023\/06\/Conference-Bottom-100x94.jpg 100w, https:\/\/axelliteleadership.com\/fr\/wp-content\/uploads\/sites\/4\/2023\/06\/Conference-Bottom-106x100.jpg 106w, https:\/\/axelliteleadership.com\/fr\/wp-content\/uploads\/sites\/4\/2023\/06\/Conference-Bottom-600x567.jpg 600w, https:\/\/axelliteleadership.com\/fr\/wp-content\/uploads\/sites\/4\/2023\/06\/Conference-Bottom-175x165.jpg 175w, https:\/\/axelliteleadership.com\/fr\/wp-content\/uploads\/sites\/4\/2023\/06\/Conference-Bottom.jpg 900w\" sizes=\"auto, (max-width: 450px) 100vw, 450px\" \/>              <\/div>\n              <div class=\"content\">\n                <h2 class=\"title\">\n                  NOTRE CONF\u00c9RENCE                <\/h2>\n                <div class=\"excerpt\">\n                  4 SECRETS POUR PASSER DE LA SURVIE \u00c0 LA R\u00c9ALISATION DE SOI AU TRAVAIL ET DANS LA VIE                <\/div>\n                <div class=\"cta\">\n                  <span class=\"btn btn--ghost\">En savoir plus<\/span>\n                <\/div>\n              <\/div>\n            <\/a>\n          <\/li>\n              <\/ul>\n\n    <\/div>\n  <\/div>\n\n","protected":false},"excerpt":{"rendered":"","protected":false},"author":2,"featured_media":386,"parent":0,"menu_order":0,"comment_status":"closed","ping_status":"closed","template":"","meta":{"_acf_changed":false,"inline_featured_image":false,"footnotes":""},"class_list":["post-205","page","type-page","status-publish","has-post-thumbnail","hentry"],"acf":[],"yoast_head":"<!-- This site is optimized with the Yoast SEO plugin v27.3 - https:\/\/yoast.com\/product\/yoast-seo-wordpress\/ -->\n<title>Team - Axellite Leadership<\/title>\n<meta name=\"description\" content=\"Notre formation n\u2019est pas th\u00e9orique; nous offrons plut\u00f4t des s\u00e9ances exp\u00e9rientielles, pratiques et concr\u00e8tes.\" \/>\n<meta name=\"robots\" content=\"index, follow, max-snippet:-1, max-image-preview:large, max-video-preview:-1\" \/>\n<link rel=\"canonical\" href=\"https:\/\/axelliteleadership.com\/fr\/team\/\" \/>\n<meta property=\"og:locale\" content=\"fr_CA\" \/>\n<meta property=\"og:type\" content=\"article\" \/>\n<meta property=\"og:title\" content=\"Team - Axellite Leadership\" \/>\n<meta property=\"og:description\" content=\"Notre formation n\u2019est pas th\u00e9orique; nous offrons plut\u00f4t des s\u00e9ances exp\u00e9rientielles, pratiques et concr\u00e8tes.\" \/>\n<meta property=\"og:url\" content=\"https:\/\/axelliteleadership.com\/fr\/team\/\" \/>\n<meta property=\"og:site_name\" content=\"Axellite Leadership\" \/>\n<meta property=\"article:publisher\" content=\"https:\/\/www.facebook.com\/upkatarina\/\" \/>\n<meta property=\"article:modified_time\" content=\"2023-06-07T16:09:35+00:00\" \/>\n<meta property=\"og:image\" content=\"https:\/\/axelliteleadership.com\/fr\/wp-content\/uploads\/sites\/4\/2021\/06\/home.jpg\" \/>\n\t<meta property=\"og:image:width\" content=\"1718\" \/>\n\t<meta property=\"og:image:height\" content=\"1050\" \/>\n\t<meta property=\"og:image:type\" content=\"image\/jpeg\" \/>\n<meta name=\"twitter:card\" content=\"summary_large_image\" \/>\n<script type=\"application\/ld+json\" class=\"yoast-schema-graph\">{\"@context\":\"https:\\\/\\\/schema.org\",\"@graph\":[{\"@type\":\"WebPage\",\"@id\":\"https:\\\/\\\/axelliteleadership.com\\\/fr\\\/team\\\/\",\"url\":\"https:\\\/\\\/axelliteleadership.com\\\/fr\\\/team\\\/\",\"name\":\"Team - Axellite Leadership\",\"isPartOf\":{\"@id\":\"https:\\\/\\\/axelliteleadership.com\\\/fr\\\/#website\"},\"primaryImageOfPage\":{\"@id\":\"https:\\\/\\\/axelliteleadership.com\\\/fr\\\/team\\\/#primaryimage\"},\"image\":{\"@id\":\"https:\\\/\\\/axelliteleadership.com\\\/fr\\\/team\\\/#primaryimage\"},\"thumbnailUrl\":\"https:\\\/\\\/axelliteleadership.com\\\/fr\\\/wp-content\\\/uploads\\\/sites\\\/4\\\/2021\\\/06\\\/home.jpg\",\"datePublished\":\"2021-05-20T16:53:29+00:00\",\"dateModified\":\"2023-06-07T16:09:35+00:00\",\"description\":\"Notre formation n\u2019est pas th\u00e9orique; nous offrons plut\u00f4t des s\u00e9ances exp\u00e9rientielles, pratiques et concr\u00e8tes.\",\"breadcrumb\":{\"@id\":\"https:\\\/\\\/axelliteleadership.com\\\/fr\\\/team\\\/#breadcrumb\"},\"inLanguage\":\"fr-CA\",\"potentialAction\":[{\"@type\":\"ReadAction\",\"target\":[\"https:\\\/\\\/axelliteleadership.com\\\/fr\\\/team\\\/\"]}]},{\"@type\":\"ImageObject\",\"inLanguage\":\"fr-CA\",\"@id\":\"https:\\\/\\\/axelliteleadership.com\\\/fr\\\/team\\\/#primaryimage\",\"url\":\"https:\\\/\\\/axelliteleadership.com\\\/fr\\\/wp-content\\\/uploads\\\/sites\\\/4\\\/2021\\\/06\\\/home.jpg\",\"contentUrl\":\"https:\\\/\\\/axelliteleadership.com\\\/fr\\\/wp-content\\\/uploads\\\/sites\\\/4\\\/2021\\\/06\\\/home.jpg\",\"width\":1718,\"height\":1050},{\"@type\":\"BreadcrumbList\",\"@id\":\"https:\\\/\\\/axelliteleadership.com\\\/fr\\\/team\\\/#breadcrumb\",\"itemListElement\":[{\"@type\":\"ListItem\",\"position\":1,\"name\":\"Home\",\"item\":\"https:\\\/\\\/axelliteleadership.com\\\/fr\\\/\"},{\"@type\":\"ListItem\",\"position\":2,\"name\":\"Team\"}]},{\"@type\":\"WebSite\",\"@id\":\"https:\\\/\\\/axelliteleadership.com\\\/fr\\\/#website\",\"url\":\"https:\\\/\\\/axelliteleadership.com\\\/fr\\\/\",\"name\":\"Axellite Leadership\",\"description\":\"\",\"publisher\":{\"@id\":\"https:\\\/\\\/axelliteleadership.com\\\/fr\\\/#organization\"},\"potentialAction\":[{\"@type\":\"SearchAction\",\"target\":{\"@type\":\"EntryPoint\",\"urlTemplate\":\"https:\\\/\\\/axelliteleadership.com\\\/fr\\\/?s={search_term_string}\"},\"query-input\":{\"@type\":\"PropertyValueSpecification\",\"valueRequired\":true,\"valueName\":\"search_term_string\"}}],\"inLanguage\":\"fr-CA\"},{\"@type\":\"Organization\",\"@id\":\"https:\\\/\\\/axelliteleadership.com\\\/fr\\\/#organization\",\"name\":\"Axellite Leadership\",\"url\":\"https:\\\/\\\/axelliteleadership.com\\\/fr\\\/\",\"logo\":{\"@type\":\"ImageObject\",\"inLanguage\":\"fr-CA\",\"@id\":\"https:\\\/\\\/axelliteleadership.com\\\/fr\\\/#\\\/schema\\\/logo\\\/image\\\/\",\"url\":\"https:\\\/\\\/axelliteleadership.com\\\/fr\\\/wp-content\\\/uploads\\\/sites\\\/4\\\/2021\\\/05\\\/logo.png\",\"contentUrl\":\"https:\\\/\\\/axelliteleadership.com\\\/fr\\\/wp-content\\\/uploads\\\/sites\\\/4\\\/2021\\\/05\\\/logo.png\",\"width\":1000,\"height\":450,\"caption\":\"Axellite Leadership\"},\"image\":{\"@id\":\"https:\\\/\\\/axelliteleadership.com\\\/fr\\\/#\\\/schema\\\/logo\\\/image\\\/\"},\"sameAs\":[\"https:\\\/\\\/www.facebook.com\\\/upkatarina\\\/\",\"https:\\\/\\\/www.linkedin.com\\\/company\\\/axellite-leadership-&amp;-performance\\\/\"]}]}<\/script>\n<!-- \/ Yoast SEO plugin. -->","yoast_head_json":{"title":"Team - Axellite Leadership","description":"Notre formation n\u2019est pas th\u00e9orique; nous offrons plut\u00f4t des s\u00e9ances exp\u00e9rientielles, pratiques et concr\u00e8tes.","robots":{"index":"index","follow":"follow","max-snippet":"max-snippet:-1","max-image-preview":"max-image-preview:large","max-video-preview":"max-video-preview:-1"},"canonical":"https:\/\/axelliteleadership.com\/fr\/team\/","og_locale":"fr_CA","og_type":"article","og_title":"Team - Axellite Leadership","og_description":"Notre formation n\u2019est pas th\u00e9orique; nous offrons plut\u00f4t des s\u00e9ances exp\u00e9rientielles, pratiques et concr\u00e8tes.","og_url":"https:\/\/axelliteleadership.com\/fr\/team\/","og_site_name":"Axellite Leadership","article_publisher":"https:\/\/www.facebook.com\/upkatarina\/","article_modified_time":"2023-06-07T16:09:35+00:00","og_image":[{"width":1718,"height":1050,"url":"https:\/\/axelliteleadership.com\/fr\/wp-content\/uploads\/sites\/4\/2021\/06\/home.jpg","type":"image\/jpeg"}],"twitter_card":"summary_large_image","schema":{"@context":"https:\/\/schema.org","@graph":[{"@type":"WebPage","@id":"https:\/\/axelliteleadership.com\/fr\/team\/","url":"https:\/\/axelliteleadership.com\/fr\/team\/","name":"Team - Axellite Leadership","isPartOf":{"@id":"https:\/\/axelliteleadership.com\/fr\/#website"},"primaryImageOfPage":{"@id":"https:\/\/axelliteleadership.com\/fr\/team\/#primaryimage"},"image":{"@id":"https:\/\/axelliteleadership.com\/fr\/team\/#primaryimage"},"thumbnailUrl":"https:\/\/axelliteleadership.com\/fr\/wp-content\/uploads\/sites\/4\/2021\/06\/home.jpg","datePublished":"2021-05-20T16:53:29+00:00","dateModified":"2023-06-07T16:09:35+00:00","description":"Notre formation n\u2019est pas th\u00e9orique; nous offrons plut\u00f4t des s\u00e9ances exp\u00e9rientielles, pratiques et concr\u00e8tes.","breadcrumb":{"@id":"https:\/\/axelliteleadership.com\/fr\/team\/#breadcrumb"},"inLanguage":"fr-CA","potentialAction":[{"@type":"ReadAction","target":["https:\/\/axelliteleadership.com\/fr\/team\/"]}]},{"@type":"ImageObject","inLanguage":"fr-CA","@id":"https:\/\/axelliteleadership.com\/fr\/team\/#primaryimage","url":"https:\/\/axelliteleadership.com\/fr\/wp-content\/uploads\/sites\/4\/2021\/06\/home.jpg","contentUrl":"https:\/\/axelliteleadership.com\/fr\/wp-content\/uploads\/sites\/4\/2021\/06\/home.jpg","width":1718,"height":1050},{"@type":"BreadcrumbList","@id":"https:\/\/axelliteleadership.com\/fr\/team\/#breadcrumb","itemListElement":[{"@type":"ListItem","position":1,"name":"Home","item":"https:\/\/axelliteleadership.com\/fr\/"},{"@type":"ListItem","position":2,"name":"Team"}]},{"@type":"WebSite","@id":"https:\/\/axelliteleadership.com\/fr\/#website","url":"https:\/\/axelliteleadership.com\/fr\/","name":"Axellite Leadership","description":"","publisher":{"@id":"https:\/\/axelliteleadership.com\/fr\/#organization"},"potentialAction":[{"@type":"SearchAction","target":{"@type":"EntryPoint","urlTemplate":"https:\/\/axelliteleadership.com\/fr\/?s={search_term_string}"},"query-input":{"@type":"PropertyValueSpecification","valueRequired":true,"valueName":"search_term_string"}}],"inLanguage":"fr-CA"},{"@type":"Organization","@id":"https:\/\/axelliteleadership.com\/fr\/#organization","name":"Axellite Leadership","url":"https:\/\/axelliteleadership.com\/fr\/","logo":{"@type":"ImageObject","inLanguage":"fr-CA","@id":"https:\/\/axelliteleadership.com\/fr\/#\/schema\/logo\/image\/","url":"https:\/\/axelliteleadership.com\/fr\/wp-content\/uploads\/sites\/4\/2021\/05\/logo.png","contentUrl":"https:\/\/axelliteleadership.com\/fr\/wp-content\/uploads\/sites\/4\/2021\/05\/logo.png","width":1000,"height":450,"caption":"Axellite Leadership"},"image":{"@id":"https:\/\/axelliteleadership.com\/fr\/#\/schema\/logo\/image\/"},"sameAs":["https:\/\/www.facebook.com\/upkatarina\/","https:\/\/www.linkedin.com\/company\/axellite-leadership-&amp;-performance\/"]}]}},"_links":{"self":[{"href":"https:\/\/axelliteleadership.com\/fr\/wp-json\/wp\/v2\/pages\/205","targetHints":{"allow":["GET"]}}],"collection":[{"href":"https:\/\/axelliteleadership.com\/fr\/wp-json\/wp\/v2\/pages"}],"about":[{"href":"https:\/\/axelliteleadership.com\/fr\/wp-json\/wp\/v2\/types\/page"}],"author":[{"embeddable":true,"href":"https:\/\/axelliteleadership.com\/fr\/wp-json\/wp\/v2\/users\/2"}],"replies":[{"embeddable":true,"href":"https:\/\/axelliteleadership.com\/fr\/wp-json\/wp\/v2\/comments?post=205"}],"version-history":[{"count":0,"href":"https:\/\/axelliteleadership.com\/fr\/wp-json\/wp\/v2\/pages\/205\/revisions"}],"wp:featuredmedia":[{"embeddable":true,"href":"https:\/\/axelliteleadership.com\/fr\/wp-json\/wp\/v2\/media\/386"}],"wp:attachment":[{"href":"https:\/\/axelliteleadership.com\/fr\/wp-json\/wp\/v2\/media?parent=205"}],"curies":[{"name":"wp","href":"https:\/\/api.w.org\/{rel}","templated":true}]}}