{"id":34,"date":"2021-05-20T09:02:46","date_gmt":"2021-05-20T13:02:46","guid":{"rendered":"http:\/\/axelliteleadership.local\/?page_id=34"},"modified":"2021-08-19T09:02:52","modified_gmt":"2021-08-19T13:02:52","slug":"services","status":"publish","type":"page","link":"https:\/\/axelliteleadership.com\/fr\/services\/","title":{"rendered":"Services"},"content":{"rendered":"\n<div class=\"block block--hero\" id=\"\">\n  <div class=\"container\">\n\n    <div class=\"content\">\n      <h1>\n        Nos<br \/><em>services<\/em>      <\/h1>\n      <p>Nous sommes passionn\u00e9s d&rsquo;aider les leaders \u00e0 se g\u00e9rer d&rsquo;abord, afin qu&rsquo;ils puissent \u00eatre plus conscients bienveillants, inclusifs et inspirants.<\/p>\n    <\/div>\n\n    <div class=\"decoration\">\n      <div class=\"picture\">\n        <img loading=\"lazy\" decoding=\"async\" width=\"860\" height=\"525\" src=\"https:\/\/axelliteleadership.com\/fr\/wp-content\/uploads\/sites\/4\/2021\/08\/KatarinaH_JeanFrancoisT_2020_LaurenceLabat-8370_HR-860x525.jpg\" class=\"attachment-hero size-hero wp-post-image\" alt=\"\" \/>      <\/div>\n      <div class=\"catchphrase\">\n  \u00c9valuations 360\u00b0 <span>\u2022<\/span> Facilitation <span>\u2022<\/span> Coaching<\/div>\n    <\/div>\n\n  <\/div>\n<\/div>\n\n\n\n<p class=\"has-text-align-center\">En renfor\u00e7ant la connaissance de soi des leaders et leurs aptitudes dans un contexte d\u2019\u00e9quipe, nous aidons les organisations \u00e0 surmonter les obstacles les plus courants \u00e0 la r\u00e9ussite&nbsp;: abattre les cloisons, favoriser la participation et la confiance et cr\u00e9er une culture ax\u00e9e sur la passion, la responsabilisation et la s\u00e9curit\u00e9 psychologique.<\/p>\n\n\n\n<div class=\"block block--key-points\" id=\"\">\n  <div class=\"container\">\n\n    \n          <ul>\n                  <li>\n            <div class=\"icon\">\n              <img loading=\"lazy\" decoding=\"async\" width=\"42\" height=\"60\" src=\"https:\/\/axelliteleadership.com\/fr\/wp-content\/uploads\/sites\/4\/2021\/07\/science.svg\" class=\"attachment-icon size-icon\" alt=\"\" \/>            <\/div>\n            <div class=\"content\">\n              <p><strong>M\u00e9thodes fond\u00e9es sur la science<\/strong> pour un d\u00e9veloppement du leadership efficace<\/p>\n            <\/div>\n          <\/li>\n                  <li>\n            <div class=\"icon\">\n              <img loading=\"lazy\" decoding=\"async\" width=\"54\" height=\"55\" src=\"https:\/\/axelliteleadership.com\/fr\/wp-content\/uploads\/sites\/4\/2021\/07\/whole.svg\" class=\"attachment-icon size-icon\" alt=\"\" \/>            <\/div>\n            <div class=\"content\">\n              <p><strong>Une approche globale du leader<\/strong> dans son int\u00e9gralit\u00e9<\/p>\n            <\/div>\n          <\/li>\n                  <li>\n            <div class=\"icon\">\n              <img loading=\"lazy\" decoding=\"async\" width=\"53\" height=\"55\" src=\"https:\/\/axelliteleadership.com\/fr\/wp-content\/uploads\/sites\/4\/2021\/07\/coaches.svg\" class=\"attachment-icon size-icon\" alt=\"\" \/>            <\/div>\n            <div class=\"content\">\n              <p><strong>Des coaches qualifi\u00e9s<\/strong> et chevronn\u00e9s<\/p>\n            <\/div>\n          <\/li>\n              <\/ul>\n    \n  <\/div>\n<\/div>\n\n\n\n<div class=\"block block--intro\" id=\"coaching-haut-niveau\">\n  <div class=\"container\">\n\n          <div class=\"picture\">\n        <img loading=\"lazy\" decoding=\"async\" width=\"600\" height=\"400\" src=\"https:\/\/axelliteleadership.com\/fr\/wp-content\/uploads\/sites\/4\/2021\/08\/lead-yourself-scaled-1-600x400.jpg\" class=\"attachment-team size-team\" alt=\"\" srcset=\"https:\/\/axelliteleadership.com\/fr\/wp-content\/uploads\/sites\/4\/2021\/08\/lead-yourself-scaled-1-600x400.jpg 600w, https:\/\/axelliteleadership.com\/fr\/wp-content\/uploads\/sites\/4\/2021\/08\/lead-yourself-scaled-1-300x200.jpg 300w, https:\/\/axelliteleadership.com\/fr\/wp-content\/uploads\/sites\/4\/2021\/08\/lead-yourself-scaled-1-1024x683.jpg 1024w, https:\/\/axelliteleadership.com\/fr\/wp-content\/uploads\/sites\/4\/2021\/08\/lead-yourself-scaled-1-768x512.jpg 768w, https:\/\/axelliteleadership.com\/fr\/wp-content\/uploads\/sites\/4\/2021\/08\/lead-yourself-scaled-1-1536x1024.jpg 1536w, https:\/\/axelliteleadership.com\/fr\/wp-content\/uploads\/sites\/4\/2021\/08\/lead-yourself-scaled-1-2048x1366.jpg 2048w, https:\/\/axelliteleadership.com\/fr\/wp-content\/uploads\/sites\/4\/2021\/08\/lead-yourself-scaled-1-100x67.jpg 100w, https:\/\/axelliteleadership.com\/fr\/wp-content\/uploads\/sites\/4\/2021\/08\/lead-yourself-scaled-1-150x100.jpg 150w, https:\/\/axelliteleadership.com\/fr\/wp-content\/uploads\/sites\/4\/2021\/08\/lead-yourself-scaled-1-175x117.jpg 175w, https:\/\/axelliteleadership.com\/fr\/wp-content\/uploads\/sites\/4\/2021\/08\/lead-yourself-scaled-1-512x341.jpg 512w\" sizes=\"auto, (max-width: 600px) 100vw, 600px\" \/>      <\/div>\n    \n    <div class=\"content\">\n      <h2>LE PROGRAMME Propulse<br \/>\nton Leadership<\/h2>\n<p>Atteignez de nouveaux sommets avec notre programme de transformation hautement pris\u00e9 : ce programme aide \u00e0 renforcer la r\u00e9silience des dirigeants et enseigne la gestion intelligente de l&rsquo;\u00e9nergie. Il fournit des strat\u00e9gies pour se lib\u00e9rer de la frustration et de la r\u00e9activit\u00e9 en p\u00e9riode de stress, et transmet des pratiques \u00e9prouv\u00e9es qui permettent aux dirigeants \u00e0 tous les niveaux de se pr\u00e9senter \u00e9tant la meilleure version d&rsquo;eux-m\u00eames, plus souvent.<\/p>\n      \n  <div class=\"cta\">\n    <a\n      href=\"https:\/\/axelliteleadership.com\/fr\/workshop\/\"\n      class=\"btn btn--ghost\"\n      target=\"\"\n    >\n      En savoir plus    <\/a>\n  <\/div>\n    <\/div>\n\n  <\/div>\n<\/div>\n\n\n\n<div class=\"block block--intro\" id=\"evaluations-360\">\n  <div class=\"container\">\n\n          <div class=\"picture\">\n        <img loading=\"lazy\" decoding=\"async\" width=\"600\" height=\"564\" src=\"https:\/\/axelliteleadership.com\/fr\/wp-content\/uploads\/sites\/4\/2021\/06\/assessment-600x564.jpg\" class=\"attachment-team size-team\" alt=\"\" srcset=\"https:\/\/axelliteleadership.com\/fr\/wp-content\/uploads\/sites\/4\/2021\/06\/assessment-600x564.jpg 600w, https:\/\/axelliteleadership.com\/fr\/wp-content\/uploads\/sites\/4\/2021\/06\/assessment-300x282.jpg 300w, https:\/\/axelliteleadership.com\/fr\/wp-content\/uploads\/sites\/4\/2021\/06\/assessment-1024x963.jpg 1024w, https:\/\/axelliteleadership.com\/fr\/wp-content\/uploads\/sites\/4\/2021\/06\/assessment-768x722.jpg 768w, https:\/\/axelliteleadership.com\/fr\/wp-content\/uploads\/sites\/4\/2021\/06\/assessment-100x94.jpg 100w, https:\/\/axelliteleadership.com\/fr\/wp-content\/uploads\/sites\/4\/2021\/06\/assessment-106x100.jpg 106w, https:\/\/axelliteleadership.com\/fr\/wp-content\/uploads\/sites\/4\/2021\/06\/assessment-175x165.jpg 175w, https:\/\/axelliteleadership.com\/fr\/wp-content\/uploads\/sites\/4\/2021\/06\/assessment-512x481.jpg 512w, https:\/\/axelliteleadership.com\/fr\/wp-content\/uploads\/sites\/4\/2021\/06\/assessment.jpg 1434w\" sizes=\"auto, (max-width: 600px) 100vw, 600px\" \/>      <\/div>\n    \n    <div class=\"content\">\n      <h2>\u00c9VALUATIONS 360\u00ba<\/h2>\n<p>Tout le monde a besoin de feedback pour \u00eatre performant et b\u00e9n\u00e9ficier d&rsquo;une am\u00e9lioration continue. Nous nous sommes associ\u00e9s aux \u00e9valuations de leadership 360\u00ba de The Leadership Circle\u2122 parce que nous avons constat\u00e9 que c&rsquo;est le seul instrument qui mesure les deux principaux domaines de leadership &#8211; les comp\u00e9tences cr\u00e9atives et les tendances r\u00e9actives &#8211; et int\u00e8gre ces informations afin que les principales opportunit\u00e9s de d\u00e9veloppement apparaissent imm\u00e9diatement.<\/p>\n<p>Les <strong>COMP\u00c9TENCES CR\u00c9ATIVES<\/strong> sont des comp\u00e9tences bien document\u00e9es mesurant la fa\u00e7on dont vous obtenez des r\u00e9sultats, faites ressortir le meilleur des autres, dirigez avec vision, am\u00e9liorez votre propre d\u00e9veloppement, agissez avec int\u00e9grit\u00e9 et courage et am\u00e9liorez les syst\u00e8mes organisationnels.<\/p>\n<p>Les <strong>TENDANCES R\u00c9ACTIVES<\/strong> sont des styles de leadership mettant l&rsquo;accent sur la prudence lors de la cr\u00e9ation de r\u00e9sultats, l&rsquo;autoprotection au lieu de l&rsquo;engagement productif et l&rsquo;agressivit\u00e9 au lieu de cr\u00e9er de l&rsquo;alignement. Ces styles auto-limitatifs mettent davantage l&rsquo;accent sur l&rsquo;obtention de l&rsquo;approbation des autres, la protection de vous-m\u00eame et l&rsquo;obtention de r\u00e9sultats gr\u00e2ce \u00e0 des tactiques de contr\u00f4le \u00e9lev\u00e9.<\/p>\n<p>Le LCP est unique puisqu&rsquo;il r\u00e9v\u00e8le le syst\u00e8me d&rsquo;exploitation du leader : les hypoth\u00e8ses internes (croyances) qui r\u00e9gissent le comportement dans les deux domaines. Cela permet au manager de voir comment son monde int\u00e9rieur de pens\u00e9e se traduit par un style de leadership productif ou improductif. En fin de compte, le LCP augmente la conscience int\u00e9rieure qui affecte le comportement ext\u00e9rieur. Combiner \u00e0 notre coaching c&rsquo;est l&rsquo;outil d&rsquo;am\u00e9lioration de l&rsquo;efficacit\u00e9 de leadership par excellence!<\/p>\n      \n    <\/div>\n\n  <\/div>\n<\/div>\n\n\n\n<div class=\"block block--intro\" id=\"\">\n  <div class=\"container\">\n\n          <div class=\"picture\">\n        <img loading=\"lazy\" decoding=\"async\" width=\"600\" height=\"402\" src=\"https:\/\/axelliteleadership.com\/fr\/wp-content\/uploads\/sites\/4\/2021\/07\/executive-coaching-600x402.jpg\" class=\"attachment-team size-team\" alt=\"\" srcset=\"https:\/\/axelliteleadership.com\/fr\/wp-content\/uploads\/sites\/4\/2021\/07\/executive-coaching-600x402.jpg 600w, https:\/\/axelliteleadership.com\/fr\/wp-content\/uploads\/sites\/4\/2021\/07\/executive-coaching-300x201.jpg 300w, https:\/\/axelliteleadership.com\/fr\/wp-content\/uploads\/sites\/4\/2021\/07\/executive-coaching-1024x686.jpg 1024w, https:\/\/axelliteleadership.com\/fr\/wp-content\/uploads\/sites\/4\/2021\/07\/executive-coaching-768x515.jpg 768w, https:\/\/axelliteleadership.com\/fr\/wp-content\/uploads\/sites\/4\/2021\/07\/executive-coaching-100x67.jpg 100w, https:\/\/axelliteleadership.com\/fr\/wp-content\/uploads\/sites\/4\/2021\/07\/executive-coaching-149x100.jpg 149w, https:\/\/axelliteleadership.com\/fr\/wp-content\/uploads\/sites\/4\/2021\/07\/executive-coaching-175x117.jpg 175w, https:\/\/axelliteleadership.com\/fr\/wp-content\/uploads\/sites\/4\/2021\/07\/executive-coaching-512x343.jpg 512w, https:\/\/axelliteleadership.com\/fr\/wp-content\/uploads\/sites\/4\/2021\/07\/executive-coaching.jpg 1083w\" sizes=\"auto, (max-width: 600px) 100vw, 600px\" \/>      <\/div>\n    \n    <div class=\"content\">\n      <h2>COACHING EX\u00c9CUTIF<\/h2>\n<p>Le coaching ex\u00e9cutif accorde aux leaders une attention individualis\u00e9e et l\u2019occasion de se concentrer sur les facettes qu\u2019ils souhaitent ou doivent perfectionner. Notre mod\u00e8le de coaching de haut niveau fusionne cette m\u00e9thode personnalis\u00e9e et l\u2019approche unique d\u2019Axellite pour aider les leaders \u00e0 se servir de l\u2019autogestion et de la connaissance de soi pour atteindre leurs objectifs et mieux comprendre les habitudes et les croyances qui les motivent en tant qu\u2019individus.<\/p>\n<p>Par notre programme de coaching, nous visons \u00e0 outiller les leaders \u00e0 atteindre leur plein potentiel en pr\u00e9servant une r\u00e9serve d\u2019\u00e9nergie et avec la satisfaction de savoir qu\u2019ils ont donn\u00e9 le meilleur d\u2019eux \u00e0 chaque \u00e9tape.<\/p>\n      \n    <\/div>\n\n  <\/div>\n<\/div>\n","protected":false},"excerpt":{"rendered":"<p>En renfor\u00e7ant la connaissance de soi des leaders et leurs aptitudes dans un contexte d\u2019\u00e9quipe, nous aidons les organisations \u00e0 surmonter les obstacles les plus courants \u00e0 la r\u00e9ussite&nbsp;: abattre les cloisons, favoriser la participation et la confiance et cr\u00e9er une culture ax\u00e9e sur la passion, la responsabilisation et la s\u00e9curit\u00e9 psychologique.<\/p>\n","protected":false},"author":2,"featured_media":757,"parent":0,"menu_order":0,"comment_status":"closed","ping_status":"closed","template":"","meta":{"_acf_changed":false,"inline_featured_image":false,"footnotes":""},"class_list":["post-34","page","type-page","status-publish","has-post-thumbnail","hentry"],"acf":[],"yoast_head":"<!-- This site is optimized with the Yoast SEO plugin v27.5 - https:\/\/yoast.com\/product\/yoast-seo-wordpress\/ -->\n<title>Services - Axellite Leadership<\/title>\n<meta name=\"description\" content=\"Nous sommes fiers de collaborer avec des organisations qui partagent notre passion pour le leadership de soi.\" \/>\n<meta name=\"robots\" content=\"index, follow, max-snippet:-1, max-image-preview:large, max-video-preview:-1\" \/>\n<link rel=\"canonical\" href=\"https:\/\/axelliteleadership.com\/fr\/services\/\" \/>\n<meta property=\"og:locale\" content=\"fr_CA\" \/>\n<meta property=\"og:type\" content=\"article\" \/>\n<meta property=\"og:title\" content=\"Services - Axellite Leadership\" \/>\n<meta property=\"og:description\" content=\"Nous sommes fiers de collaborer avec des organisations qui partagent notre passion pour le leadership de soi.\" \/>\n<meta property=\"og:url\" content=\"https:\/\/axelliteleadership.com\/fr\/services\/\" \/>\n<meta property=\"og:site_name\" content=\"Axellite Leadership\" \/>\n<meta property=\"article:publisher\" content=\"https:\/\/www.facebook.com\/upkatarina\/\" \/>\n<meta property=\"article:modified_time\" content=\"2021-08-19T13:02:52+00:00\" \/>\n<meta property=\"og:image\" content=\"https:\/\/axelliteleadership.com\/fr\/wp-content\/uploads\/sites\/4\/2021\/08\/KatarinaH_JeanFrancoisT_2020_LaurenceLabat-8370_HR-1024x683.jpg\" \/>\n\t<meta property=\"og:image:width\" content=\"1024\" \/>\n\t<meta property=\"og:image:height\" content=\"683\" \/>\n\t<meta property=\"og:image:type\" content=\"image\/jpeg\" \/>\n<meta name=\"twitter:card\" content=\"summary_large_image\" \/>\n<meta name=\"twitter:label1\" content=\"Estimation du temps de lecture\" \/>\n\t<meta name=\"twitter:data1\" content=\"1 minute\" \/>\n<script type=\"application\/ld+json\" class=\"yoast-schema-graph\">{\"@context\":\"https:\\\/\\\/schema.org\",\"@graph\":[{\"@type\":\"WebPage\",\"@id\":\"https:\\\/\\\/axelliteleadership.com\\\/fr\\\/services\\\/\",\"url\":\"https:\\\/\\\/axelliteleadership.com\\\/fr\\\/services\\\/\",\"name\":\"Services - Axellite Leadership\",\"isPartOf\":{\"@id\":\"https:\\\/\\\/axelliteleadership.com\\\/fr\\\/#website\"},\"primaryImageOfPage\":{\"@id\":\"https:\\\/\\\/axelliteleadership.com\\\/fr\\\/services\\\/#primaryimage\"},\"image\":{\"@id\":\"https:\\\/\\\/axelliteleadership.com\\\/fr\\\/services\\\/#primaryimage\"},\"thumbnailUrl\":\"https:\\\/\\\/axelliteleadership.com\\\/fr\\\/wp-content\\\/uploads\\\/sites\\\/4\\\/2021\\\/08\\\/KatarinaH_JeanFrancoisT_2020_LaurenceLabat-8370_HR.jpg\",\"datePublished\":\"2021-05-20T13:02:46+00:00\",\"dateModified\":\"2021-08-19T13:02:52+00:00\",\"description\":\"Nous sommes fiers de collaborer avec des organisations qui partagent notre passion pour le leadership de soi.\",\"breadcrumb\":{\"@id\":\"https:\\\/\\\/axelliteleadership.com\\\/fr\\\/services\\\/#breadcrumb\"},\"inLanguage\":\"fr-CA\",\"potentialAction\":[{\"@type\":\"ReadAction\",\"target\":[\"https:\\\/\\\/axelliteleadership.com\\\/fr\\\/services\\\/\"]}]},{\"@type\":\"ImageObject\",\"inLanguage\":\"fr-CA\",\"@id\":\"https:\\\/\\\/axelliteleadership.com\\\/fr\\\/services\\\/#primaryimage\",\"url\":\"https:\\\/\\\/axelliteleadership.com\\\/fr\\\/wp-content\\\/uploads\\\/sites\\\/4\\\/2021\\\/08\\\/KatarinaH_JeanFrancoisT_2020_LaurenceLabat-8370_HR.jpg\",\"contentUrl\":\"https:\\\/\\\/axelliteleadership.com\\\/fr\\\/wp-content\\\/uploads\\\/sites\\\/4\\\/2021\\\/08\\\/KatarinaH_JeanFrancoisT_2020_LaurenceLabat-8370_HR.jpg\",\"width\":8256,\"height\":5504},{\"@type\":\"BreadcrumbList\",\"@id\":\"https:\\\/\\\/axelliteleadership.com\\\/fr\\\/services\\\/#breadcrumb\",\"itemListElement\":[{\"@type\":\"ListItem\",\"position\":1,\"name\":\"Home\",\"item\":\"https:\\\/\\\/axelliteleadership.com\\\/fr\\\/\"},{\"@type\":\"ListItem\",\"position\":2,\"name\":\"Services\"}]},{\"@type\":\"WebSite\",\"@id\":\"https:\\\/\\\/axelliteleadership.com\\\/fr\\\/#website\",\"url\":\"https:\\\/\\\/axelliteleadership.com\\\/fr\\\/\",\"name\":\"Axellite Leadership\",\"description\":\"\",\"publisher\":{\"@id\":\"https:\\\/\\\/axelliteleadership.com\\\/fr\\\/#organization\"},\"potentialAction\":[{\"@type\":\"SearchAction\",\"target\":{\"@type\":\"EntryPoint\",\"urlTemplate\":\"https:\\\/\\\/axelliteleadership.com\\\/fr\\\/?s={search_term_string}\"},\"query-input\":{\"@type\":\"PropertyValueSpecification\",\"valueRequired\":true,\"valueName\":\"search_term_string\"}}],\"inLanguage\":\"fr-CA\"},{\"@type\":\"Organization\",\"@id\":\"https:\\\/\\\/axelliteleadership.com\\\/fr\\\/#organization\",\"name\":\"Axellite Leadership\",\"url\":\"https:\\\/\\\/axelliteleadership.com\\\/fr\\\/\",\"logo\":{\"@type\":\"ImageObject\",\"inLanguage\":\"fr-CA\",\"@id\":\"https:\\\/\\\/axelliteleadership.com\\\/fr\\\/#\\\/schema\\\/logo\\\/image\\\/\",\"url\":\"https:\\\/\\\/axelliteleadership.com\\\/fr\\\/wp-content\\\/uploads\\\/sites\\\/4\\\/2021\\\/05\\\/logo.png\",\"contentUrl\":\"https:\\\/\\\/axelliteleadership.com\\\/fr\\\/wp-content\\\/uploads\\\/sites\\\/4\\\/2021\\\/05\\\/logo.png\",\"width\":1000,\"height\":450,\"caption\":\"Axellite Leadership\"},\"image\":{\"@id\":\"https:\\\/\\\/axelliteleadership.com\\\/fr\\\/#\\\/schema\\\/logo\\\/image\\\/\"},\"sameAs\":[\"https:\\\/\\\/www.facebook.com\\\/upkatarina\\\/\",\"https:\\\/\\\/www.linkedin.com\\\/company\\\/axellite-leadership-&amp;-performance\\\/\"]}]}<\/script>\n<!-- \/ Yoast SEO plugin. -->","yoast_head_json":{"title":"Services - Axellite Leadership","description":"Nous sommes fiers de collaborer avec des organisations qui partagent notre passion pour le leadership de soi.","robots":{"index":"index","follow":"follow","max-snippet":"max-snippet:-1","max-image-preview":"max-image-preview:large","max-video-preview":"max-video-preview:-1"},"canonical":"https:\/\/axelliteleadership.com\/fr\/services\/","og_locale":"fr_CA","og_type":"article","og_title":"Services - Axellite Leadership","og_description":"Nous sommes fiers de collaborer avec des organisations qui partagent notre passion pour le leadership de soi.","og_url":"https:\/\/axelliteleadership.com\/fr\/services\/","og_site_name":"Axellite Leadership","article_publisher":"https:\/\/www.facebook.com\/upkatarina\/","article_modified_time":"2021-08-19T13:02:52+00:00","og_image":[{"width":1024,"height":683,"url":"https:\/\/axelliteleadership.com\/fr\/wp-content\/uploads\/sites\/4\/2021\/08\/KatarinaH_JeanFrancoisT_2020_LaurenceLabat-8370_HR-1024x683.jpg","type":"image\/jpeg"}],"twitter_card":"summary_large_image","twitter_misc":{"Estimation du temps de lecture":"1 minute"},"schema":{"@context":"https:\/\/schema.org","@graph":[{"@type":"WebPage","@id":"https:\/\/axelliteleadership.com\/fr\/services\/","url":"https:\/\/axelliteleadership.com\/fr\/services\/","name":"Services - Axellite Leadership","isPartOf":{"@id":"https:\/\/axelliteleadership.com\/fr\/#website"},"primaryImageOfPage":{"@id":"https:\/\/axelliteleadership.com\/fr\/services\/#primaryimage"},"image":{"@id":"https:\/\/axelliteleadership.com\/fr\/services\/#primaryimage"},"thumbnailUrl":"https:\/\/axelliteleadership.com\/fr\/wp-content\/uploads\/sites\/4\/2021\/08\/KatarinaH_JeanFrancoisT_2020_LaurenceLabat-8370_HR.jpg","datePublished":"2021-05-20T13:02:46+00:00","dateModified":"2021-08-19T13:02:52+00:00","description":"Nous sommes fiers de collaborer avec des organisations qui partagent notre passion pour le leadership de soi.","breadcrumb":{"@id":"https:\/\/axelliteleadership.com\/fr\/services\/#breadcrumb"},"inLanguage":"fr-CA","potentialAction":[{"@type":"ReadAction","target":["https:\/\/axelliteleadership.com\/fr\/services\/"]}]},{"@type":"ImageObject","inLanguage":"fr-CA","@id":"https:\/\/axelliteleadership.com\/fr\/services\/#primaryimage","url":"https:\/\/axelliteleadership.com\/fr\/wp-content\/uploads\/sites\/4\/2021\/08\/KatarinaH_JeanFrancoisT_2020_LaurenceLabat-8370_HR.jpg","contentUrl":"https:\/\/axelliteleadership.com\/fr\/wp-content\/uploads\/sites\/4\/2021\/08\/KatarinaH_JeanFrancoisT_2020_LaurenceLabat-8370_HR.jpg","width":8256,"height":5504},{"@type":"BreadcrumbList","@id":"https:\/\/axelliteleadership.com\/fr\/services\/#breadcrumb","itemListElement":[{"@type":"ListItem","position":1,"name":"Home","item":"https:\/\/axelliteleadership.com\/fr\/"},{"@type":"ListItem","position":2,"name":"Services"}]},{"@type":"WebSite","@id":"https:\/\/axelliteleadership.com\/fr\/#website","url":"https:\/\/axelliteleadership.com\/fr\/","name":"Axellite Leadership","description":"","publisher":{"@id":"https:\/\/axelliteleadership.com\/fr\/#organization"},"potentialAction":[{"@type":"SearchAction","target":{"@type":"EntryPoint","urlTemplate":"https:\/\/axelliteleadership.com\/fr\/?s={search_term_string}"},"query-input":{"@type":"PropertyValueSpecification","valueRequired":true,"valueName":"search_term_string"}}],"inLanguage":"fr-CA"},{"@type":"Organization","@id":"https:\/\/axelliteleadership.com\/fr\/#organization","name":"Axellite Leadership","url":"https:\/\/axelliteleadership.com\/fr\/","logo":{"@type":"ImageObject","inLanguage":"fr-CA","@id":"https:\/\/axelliteleadership.com\/fr\/#\/schema\/logo\/image\/","url":"https:\/\/axelliteleadership.com\/fr\/wp-content\/uploads\/sites\/4\/2021\/05\/logo.png","contentUrl":"https:\/\/axelliteleadership.com\/fr\/wp-content\/uploads\/sites\/4\/2021\/05\/logo.png","width":1000,"height":450,"caption":"Axellite Leadership"},"image":{"@id":"https:\/\/axelliteleadership.com\/fr\/#\/schema\/logo\/image\/"},"sameAs":["https:\/\/www.facebook.com\/upkatarina\/","https:\/\/www.linkedin.com\/company\/axellite-leadership-&amp;-performance\/"]}]}},"_links":{"self":[{"href":"https:\/\/axelliteleadership.com\/fr\/wp-json\/wp\/v2\/pages\/34","targetHints":{"allow":["GET"]}}],"collection":[{"href":"https:\/\/axelliteleadership.com\/fr\/wp-json\/wp\/v2\/pages"}],"about":[{"href":"https:\/\/axelliteleadership.com\/fr\/wp-json\/wp\/v2\/types\/page"}],"author":[{"embeddable":true,"href":"https:\/\/axelliteleadership.com\/fr\/wp-json\/wp\/v2\/users\/2"}],"replies":[{"embeddable":true,"href":"https:\/\/axelliteleadership.com\/fr\/wp-json\/wp\/v2\/comments?post=34"}],"version-history":[{"count":0,"href":"https:\/\/axelliteleadership.com\/fr\/wp-json\/wp\/v2\/pages\/34\/revisions"}],"wp:featuredmedia":[{"embeddable":true,"href":"https:\/\/axelliteleadership.com\/fr\/wp-json\/wp\/v2\/media\/757"}],"wp:attachment":[{"href":"https:\/\/axelliteleadership.com\/fr\/wp-json\/wp\/v2\/media?parent=34"}],"curies":[{"name":"wp","href":"https:\/\/api.w.org\/{rel}","templated":true}]}}