{"id":457,"date":"2021-06-23T12:10:41","date_gmt":"2021-06-23T16:10:41","guid":{"rendered":"http:\/\/axelliteleadership.local\/?page_id=457"},"modified":"2021-10-07T15:02:59","modified_gmt":"2021-10-07T19:02:59","slug":"workshop","status":"publish","type":"page","link":"https:\/\/axelliteleadership.com\/fr\/workshop\/","title":{"rendered":"Workshop"},"content":{"rendered":"\n<div class=\"block block--hero\" id=\"\">\n  <div class=\"container\">\n\n    <div class=\"content\">\n      <h1>\n        <em>Propulsez<\/em><br \/>votre<br \/>leadership      <\/h1>\n      <p>UN PROGRAMME INNOVATEUR DE D\u00c9VELOPPEMENT DU LEADERSHIP POUR LES ORGANISATIONS QUI VALORISENT UNE FA\u00c7ON PLUS HUMAINE DE DIRIGER.<\/p>\n    <\/div>\n\n    <div class=\"decoration\">\n      <div class=\"picture\">\n        <img loading=\"lazy\" decoding=\"async\" width=\"860\" height=\"525\" src=\"https:\/\/axelliteleadership.com\/fr\/wp-content\/uploads\/sites\/4\/2021\/07\/workshop-1-860x525.jpg\" class=\"attachment-hero size-hero wp-post-image\" alt=\"\" srcset=\"https:\/\/axelliteleadership.com\/fr\/wp-content\/uploads\/sites\/4\/2021\/07\/workshop-1-860x525.jpg 860w, https:\/\/axelliteleadership.com\/fr\/wp-content\/uploads\/sites\/4\/2021\/07\/workshop-1-300x183.jpg 300w, https:\/\/axelliteleadership.com\/fr\/wp-content\/uploads\/sites\/4\/2021\/07\/workshop-1-1024x626.jpg 1024w, https:\/\/axelliteleadership.com\/fr\/wp-content\/uploads\/sites\/4\/2021\/07\/workshop-1-768x469.jpg 768w, https:\/\/axelliteleadership.com\/fr\/wp-content\/uploads\/sites\/4\/2021\/07\/workshop-1-1536x939.jpg 1536w, https:\/\/axelliteleadership.com\/fr\/wp-content\/uploads\/sites\/4\/2021\/07\/workshop-1-100x61.jpg 100w, https:\/\/axelliteleadership.com\/fr\/wp-content\/uploads\/sites\/4\/2021\/07\/workshop-1-164x100.jpg 164w, https:\/\/axelliteleadership.com\/fr\/wp-content\/uploads\/sites\/4\/2021\/07\/workshop-1-600x367.jpg 600w, https:\/\/axelliteleadership.com\/fr\/wp-content\/uploads\/sites\/4\/2021\/07\/workshop-1-175x107.jpg 175w, https:\/\/axelliteleadership.com\/fr\/wp-content\/uploads\/sites\/4\/2021\/07\/workshop-1-512x313.jpg 512w, https:\/\/axelliteleadership.com\/fr\/wp-content\/uploads\/sites\/4\/2021\/07\/workshop-1.jpg 1718w\" sizes=\"auto, (max-width: 860px) 100vw, 860px\" \/>      <\/div>\n      <div class=\"catchphrase\">\n  \u00c9valuations 360\u00b0 <span>\u2022<\/span> Facilitation <span>\u2022<\/span> Coaching<\/div>\n    <\/div>\n\n  <\/div>\n<\/div>\n\n\n\n<p class=\"has-text-align-center\">Le Programme Propulse ton Leadership contribue \u00e0 renforcer la r\u00e9silience des leaders et leur apprend la gestion intelligente de l\u2019\u00e9nergie. Le programme propose des strat\u00e9gies pour se lib\u00e9rer des frustrations et de la r\u00e9activit\u00e9 au stress et transmet des pratiques \u00e9prouv\u00e9es qui habilitent les leaders de tous les niveaux \u00e0 faire preuve d\u2019une pr\u00e9sence plus constante et \u00e0 \u00eatre la meilleure version d\u2019eux-m\u00eames.<\/p>\n\n\n\n<div class=\"block block--key-points block--background-accent\" id=\"\">\n  <div class=\"container\">\n\n          <div class=\"picture\">\n        <img loading=\"lazy\" decoding=\"async\" width=\"1024\" height=\"545\" src=\"https:\/\/axelliteleadership.com\/fr\/wp-content\/uploads\/sites\/4\/2021\/08\/Methodology-graphic_FR_v2@2x-1024x545.png\" class=\"attachment-key_points size-key_points\" alt=\"\" srcset=\"https:\/\/axelliteleadership.com\/fr\/wp-content\/uploads\/sites\/4\/2021\/08\/Methodology-graphic_FR_v2@2x-1024x545.png 1024w, https:\/\/axelliteleadership.com\/fr\/wp-content\/uploads\/sites\/4\/2021\/08\/Methodology-graphic_FR_v2@2x-300x160.png 300w, https:\/\/axelliteleadership.com\/fr\/wp-content\/uploads\/sites\/4\/2021\/08\/Methodology-graphic_FR_v2@2x-768x409.png 768w, https:\/\/axelliteleadership.com\/fr\/wp-content\/uploads\/sites\/4\/2021\/08\/Methodology-graphic_FR_v2@2x-1536x817.png 1536w, https:\/\/axelliteleadership.com\/fr\/wp-content\/uploads\/sites\/4\/2021\/08\/Methodology-graphic_FR_v2@2x-100x53.png 100w, https:\/\/axelliteleadership.com\/fr\/wp-content\/uploads\/sites\/4\/2021\/08\/Methodology-graphic_FR_v2@2x-188x100.png 188w, https:\/\/axelliteleadership.com\/fr\/wp-content\/uploads\/sites\/4\/2021\/08\/Methodology-graphic_FR_v2@2x-600x319.png 600w, https:\/\/axelliteleadership.com\/fr\/wp-content\/uploads\/sites\/4\/2021\/08\/Methodology-graphic_FR_v2@2x-175x93.png 175w, https:\/\/axelliteleadership.com\/fr\/wp-content\/uploads\/sites\/4\/2021\/08\/Methodology-graphic_FR_v2@2x.png 2000w\" sizes=\"auto, (max-width: 1024px) 100vw, 1024px\" \/>      <\/div>\n    \n          <ul>\n                  <li>\n            <div class=\"icon\">\n                          <\/div>\n            <div class=\"content\">\n              <p><strong>S\u2019\u00c9VEILLER<\/strong><\/p>\n<p>Reconna\u00eetre la cause fondamentale des probl\u00e8mes<\/p>\n            <\/div>\n          <\/li>\n                  <li>\n            <div class=\"icon\">\n                          <\/div>\n            <div class=\"content\">\n              <p><strong>SE RESPONSABILISER<\/strong><\/p>\n<p>Cultiver le courage et la responsabilisation<\/p>\n            <\/div>\n          <\/li>\n                  <li>\n            <div class=\"icon\">\n                          <\/div>\n            <div class=\"content\">\n              <p><strong>SE PR\u00c9SENTER<\/strong><\/p>\n<p>Mettre en pratique de nouvelles fa\u00e7ons d\u2019\u00eatre<\/p>\n            <\/div>\n          <\/li>\n              <\/ul>\n    \n  <\/div>\n<\/div>\n\n\n\n<div class=\"block block--key-points block--key-points-vertical block--background-accent\" id=\"\">\n  <div class=\"container\">\n\n    \n          <ul>\n                  <li>\n            <div class=\"icon\">\n              <img loading=\"lazy\" decoding=\"async\" width=\"99\" height=\"100\" src=\"https:\/\/axelliteleadership.com\/fr\/wp-content\/uploads\/sites\/4\/2021\/07\/strategies.svg\" class=\"attachment-icon size-icon\" alt=\"\" \/>            <\/div>\n            <div class=\"content\">\n              <h2>DES STRAT\u00c9GIES PRATIQUES<br \/>\nAPPLICABLES IMM\u00c9DIATEMENT<\/h2>\n<p>Nous aidons les leaders \u00e0 acqu\u00e9rir des techniques applicables dans leur quotidien ainsi qu&rsquo;une compr\u00e9hension plus approfondie pour devenir plus r\u00e9silients, d\u00e9lib\u00e9r\u00e9s et agiles au travail et dans la vie, m\u00eame lorsqu\u2019ils sont confront\u00e9s \u00e0 des situations complexes ou difficiles.<\/p>\n            <\/div>\n          <\/li>\n                  <li>\n            <div class=\"icon\">\n              <img loading=\"lazy\" decoding=\"async\" width=\"91\" height=\"100\" src=\"https:\/\/axelliteleadership.com\/fr\/wp-content\/uploads\/sites\/4\/2021\/07\/inside-out.svg\" class=\"attachment-icon size-icon\" alt=\"\" \/>            <\/div>\n            <div class=\"content\">\n              <h2>UNE APPROCHE QUI PART<br \/>\n\u00ab DE L\u2019INT\u00c9RIEUR \u00bb<\/h2>\n<p>Notre programme de transformation du leadership commence par l\u2019int\u00e9rieur avec l\u2019acquisition d\u2019une meilleure conscience de soi et d\u2019habitudes saines afin de se g\u00e9rer soi-m\u00eame de fa\u00e7on efficace et de maintenir une productivit\u00e9 optimale.<\/p>\n            <\/div>\n          <\/li>\n                  <li>\n            <div class=\"icon\">\n              <img loading=\"lazy\" decoding=\"async\" width=\"100\" height=\"100\" src=\"https:\/\/axelliteleadership.com\/fr\/wp-content\/uploads\/sites\/4\/2021\/07\/commitment.svg\" class=\"attachment-icon size-icon\" alt=\"\" \/>            <\/div>\n            <div class=\"content\">\n              <h2>UN ENGAGEMENT QUI<br \/>\nPORTE SES FRUITS<\/h2>\n<p>Le programme Propulse ton Leadership est con\u00e7u pour aider les leaders \u00e0 se r\u00e9aliser au travail et dans la vie, sans compromettre les r\u00e9sultats d&rsquo;affaires. Les personnes qui s\u2019engagent \u00e0 d\u00e9ployer les efforts n\u00e9cessaires, \u00e0 faire confiance au processus et \u00e0 viser l\u2019am\u00e9lioration continue verront leur \u00e9nergie, leur r\u00e9silience et leur impact s\u2019accro\u00eetre de fa\u00e7ons inimaginables.<\/p>\n            <\/div>\n          <\/li>\n              <\/ul>\n    \n  <\/div>\n<\/div>\n\n\n\n<div class=\"block block--get-brochure\" id=\"\">\n  <div class=\"container\">\n\n    <button class=\"btn btn--solid\" data-module-modal=\"brochure\">\n      T\u00c9L\u00c9CHARGER LA BROCHURE    <\/button>\n\n  <\/div>\n<\/div>\n","protected":false},"excerpt":{"rendered":"<p>Le Programme Propulse ton Leadership contribue \u00e0 renforcer la r\u00e9silience des leaders et leur apprend la gestion intelligente de l\u2019\u00e9nergie. Le programme propose des strat\u00e9gies pour se lib\u00e9rer des frustrations et de la r\u00e9activit\u00e9 au stress et transmet des pratiques \u00e9prouv\u00e9es qui habilitent les leaders de tous les niveaux \u00e0 faire preuve d\u2019une pr\u00e9sence plus [&hellip;]<\/p>\n","protected":false},"author":2,"featured_media":554,"parent":0,"menu_order":0,"comment_status":"closed","ping_status":"closed","template":"","meta":{"_acf_changed":false,"inline_featured_image":false,"footnotes":""},"class_list":["post-457","page","type-page","status-publish","has-post-thumbnail","hentry"],"acf":[],"yoast_head":"<!-- This site is optimized with the Yoast SEO plugin v27.4 - https:\/\/yoast.com\/product\/yoast-seo-wordpress\/ -->\n<title>Workshop - Axellite Leadership<\/title>\n<meta name=\"description\" content=\"Un programme pour les organisations qui valorisent la pleine r\u00e9alisation de leurs leaders.\" \/>\n<meta name=\"robots\" content=\"index, follow, max-snippet:-1, max-image-preview:large, max-video-preview:-1\" \/>\n<link rel=\"canonical\" href=\"https:\/\/axelliteleadership.com\/fr\/workshop\/\" \/>\n<meta property=\"og:locale\" content=\"fr_CA\" \/>\n<meta property=\"og:type\" content=\"article\" \/>\n<meta property=\"og:title\" content=\"Workshop - Axellite Leadership\" \/>\n<meta property=\"og:description\" content=\"Un programme pour les organisations qui valorisent la pleine r\u00e9alisation de leurs leaders.\" \/>\n<meta property=\"og:url\" content=\"https:\/\/axelliteleadership.com\/fr\/workshop\/\" \/>\n<meta property=\"og:site_name\" content=\"Axellite Leadership\" \/>\n<meta property=\"article:publisher\" content=\"https:\/\/www.facebook.com\/upkatarina\/\" \/>\n<meta property=\"article:modified_time\" content=\"2021-10-07T19:02:59+00:00\" \/>\n<meta property=\"og:image\" content=\"https:\/\/axelliteleadership.com\/fr\/wp-content\/uploads\/sites\/4\/2021\/07\/workshop-1.jpg\" \/>\n\t<meta property=\"og:image:width\" content=\"1718\" \/>\n\t<meta property=\"og:image:height\" content=\"1050\" \/>\n\t<meta property=\"og:image:type\" content=\"image\/jpeg\" \/>\n<meta name=\"twitter:card\" content=\"summary_large_image\" \/>\n<meta name=\"twitter:label1\" content=\"Estimation du temps de lecture\" \/>\n\t<meta name=\"twitter:data1\" content=\"1 minute\" \/>\n<script type=\"application\/ld+json\" class=\"yoast-schema-graph\">{\"@context\":\"https:\\\/\\\/schema.org\",\"@graph\":[{\"@type\":\"WebPage\",\"@id\":\"https:\\\/\\\/axelliteleadership.com\\\/fr\\\/workshop\\\/\",\"url\":\"https:\\\/\\\/axelliteleadership.com\\\/fr\\\/workshop\\\/\",\"name\":\"Workshop - Axellite Leadership\",\"isPartOf\":{\"@id\":\"https:\\\/\\\/axelliteleadership.com\\\/fr\\\/#website\"},\"primaryImageOfPage\":{\"@id\":\"https:\\\/\\\/axelliteleadership.com\\\/fr\\\/workshop\\\/#primaryimage\"},\"image\":{\"@id\":\"https:\\\/\\\/axelliteleadership.com\\\/fr\\\/workshop\\\/#primaryimage\"},\"thumbnailUrl\":\"https:\\\/\\\/axelliteleadership.com\\\/fr\\\/wp-content\\\/uploads\\\/sites\\\/4\\\/2021\\\/07\\\/workshop-1.jpg\",\"datePublished\":\"2021-06-23T16:10:41+00:00\",\"dateModified\":\"2021-10-07T19:02:59+00:00\",\"description\":\"Un programme pour les organisations qui valorisent la pleine r\u00e9alisation de leurs leaders.\",\"breadcrumb\":{\"@id\":\"https:\\\/\\\/axelliteleadership.com\\\/fr\\\/workshop\\\/#breadcrumb\"},\"inLanguage\":\"fr-CA\",\"potentialAction\":[{\"@type\":\"ReadAction\",\"target\":[\"https:\\\/\\\/axelliteleadership.com\\\/fr\\\/workshop\\\/\"]}]},{\"@type\":\"ImageObject\",\"inLanguage\":\"fr-CA\",\"@id\":\"https:\\\/\\\/axelliteleadership.com\\\/fr\\\/workshop\\\/#primaryimage\",\"url\":\"https:\\\/\\\/axelliteleadership.com\\\/fr\\\/wp-content\\\/uploads\\\/sites\\\/4\\\/2021\\\/07\\\/workshop-1.jpg\",\"contentUrl\":\"https:\\\/\\\/axelliteleadership.com\\\/fr\\\/wp-content\\\/uploads\\\/sites\\\/4\\\/2021\\\/07\\\/workshop-1.jpg\",\"width\":1718,\"height\":1050},{\"@type\":\"BreadcrumbList\",\"@id\":\"https:\\\/\\\/axelliteleadership.com\\\/fr\\\/workshop\\\/#breadcrumb\",\"itemListElement\":[{\"@type\":\"ListItem\",\"position\":1,\"name\":\"Home\",\"item\":\"https:\\\/\\\/axelliteleadership.com\\\/fr\\\/\"},{\"@type\":\"ListItem\",\"position\":2,\"name\":\"Workshop\"}]},{\"@type\":\"WebSite\",\"@id\":\"https:\\\/\\\/axelliteleadership.com\\\/fr\\\/#website\",\"url\":\"https:\\\/\\\/axelliteleadership.com\\\/fr\\\/\",\"name\":\"Axellite Leadership\",\"description\":\"\",\"publisher\":{\"@id\":\"https:\\\/\\\/axelliteleadership.com\\\/fr\\\/#organization\"},\"potentialAction\":[{\"@type\":\"SearchAction\",\"target\":{\"@type\":\"EntryPoint\",\"urlTemplate\":\"https:\\\/\\\/axelliteleadership.com\\\/fr\\\/?s={search_term_string}\"},\"query-input\":{\"@type\":\"PropertyValueSpecification\",\"valueRequired\":true,\"valueName\":\"search_term_string\"}}],\"inLanguage\":\"fr-CA\"},{\"@type\":\"Organization\",\"@id\":\"https:\\\/\\\/axelliteleadership.com\\\/fr\\\/#organization\",\"name\":\"Axellite Leadership\",\"url\":\"https:\\\/\\\/axelliteleadership.com\\\/fr\\\/\",\"logo\":{\"@type\":\"ImageObject\",\"inLanguage\":\"fr-CA\",\"@id\":\"https:\\\/\\\/axelliteleadership.com\\\/fr\\\/#\\\/schema\\\/logo\\\/image\\\/\",\"url\":\"https:\\\/\\\/axelliteleadership.com\\\/fr\\\/wp-content\\\/uploads\\\/sites\\\/4\\\/2021\\\/05\\\/logo.png\",\"contentUrl\":\"https:\\\/\\\/axelliteleadership.com\\\/fr\\\/wp-content\\\/uploads\\\/sites\\\/4\\\/2021\\\/05\\\/logo.png\",\"width\":1000,\"height\":450,\"caption\":\"Axellite Leadership\"},\"image\":{\"@id\":\"https:\\\/\\\/axelliteleadership.com\\\/fr\\\/#\\\/schema\\\/logo\\\/image\\\/\"},\"sameAs\":[\"https:\\\/\\\/www.facebook.com\\\/upkatarina\\\/\",\"https:\\\/\\\/www.linkedin.com\\\/company\\\/axellite-leadership-&amp;-performance\\\/\"]}]}<\/script>\n<!-- \/ Yoast SEO plugin. -->","yoast_head_json":{"title":"Workshop - Axellite Leadership","description":"Un programme pour les organisations qui valorisent la pleine r\u00e9alisation de leurs leaders.","robots":{"index":"index","follow":"follow","max-snippet":"max-snippet:-1","max-image-preview":"max-image-preview:large","max-video-preview":"max-video-preview:-1"},"canonical":"https:\/\/axelliteleadership.com\/fr\/workshop\/","og_locale":"fr_CA","og_type":"article","og_title":"Workshop - Axellite Leadership","og_description":"Un programme pour les organisations qui valorisent la pleine r\u00e9alisation de leurs leaders.","og_url":"https:\/\/axelliteleadership.com\/fr\/workshop\/","og_site_name":"Axellite Leadership","article_publisher":"https:\/\/www.facebook.com\/upkatarina\/","article_modified_time":"2021-10-07T19:02:59+00:00","og_image":[{"width":1718,"height":1050,"url":"https:\/\/axelliteleadership.com\/fr\/wp-content\/uploads\/sites\/4\/2021\/07\/workshop-1.jpg","type":"image\/jpeg"}],"twitter_card":"summary_large_image","twitter_misc":{"Estimation du temps de lecture":"1 minute"},"schema":{"@context":"https:\/\/schema.org","@graph":[{"@type":"WebPage","@id":"https:\/\/axelliteleadership.com\/fr\/workshop\/","url":"https:\/\/axelliteleadership.com\/fr\/workshop\/","name":"Workshop - Axellite Leadership","isPartOf":{"@id":"https:\/\/axelliteleadership.com\/fr\/#website"},"primaryImageOfPage":{"@id":"https:\/\/axelliteleadership.com\/fr\/workshop\/#primaryimage"},"image":{"@id":"https:\/\/axelliteleadership.com\/fr\/workshop\/#primaryimage"},"thumbnailUrl":"https:\/\/axelliteleadership.com\/fr\/wp-content\/uploads\/sites\/4\/2021\/07\/workshop-1.jpg","datePublished":"2021-06-23T16:10:41+00:00","dateModified":"2021-10-07T19:02:59+00:00","description":"Un programme pour les organisations qui valorisent la pleine r\u00e9alisation de leurs leaders.","breadcrumb":{"@id":"https:\/\/axelliteleadership.com\/fr\/workshop\/#breadcrumb"},"inLanguage":"fr-CA","potentialAction":[{"@type":"ReadAction","target":["https:\/\/axelliteleadership.com\/fr\/workshop\/"]}]},{"@type":"ImageObject","inLanguage":"fr-CA","@id":"https:\/\/axelliteleadership.com\/fr\/workshop\/#primaryimage","url":"https:\/\/axelliteleadership.com\/fr\/wp-content\/uploads\/sites\/4\/2021\/07\/workshop-1.jpg","contentUrl":"https:\/\/axelliteleadership.com\/fr\/wp-content\/uploads\/sites\/4\/2021\/07\/workshop-1.jpg","width":1718,"height":1050},{"@type":"BreadcrumbList","@id":"https:\/\/axelliteleadership.com\/fr\/workshop\/#breadcrumb","itemListElement":[{"@type":"ListItem","position":1,"name":"Home","item":"https:\/\/axelliteleadership.com\/fr\/"},{"@type":"ListItem","position":2,"name":"Workshop"}]},{"@type":"WebSite","@id":"https:\/\/axelliteleadership.com\/fr\/#website","url":"https:\/\/axelliteleadership.com\/fr\/","name":"Axellite Leadership","description":"","publisher":{"@id":"https:\/\/axelliteleadership.com\/fr\/#organization"},"potentialAction":[{"@type":"SearchAction","target":{"@type":"EntryPoint","urlTemplate":"https:\/\/axelliteleadership.com\/fr\/?s={search_term_string}"},"query-input":{"@type":"PropertyValueSpecification","valueRequired":true,"valueName":"search_term_string"}}],"inLanguage":"fr-CA"},{"@type":"Organization","@id":"https:\/\/axelliteleadership.com\/fr\/#organization","name":"Axellite Leadership","url":"https:\/\/axelliteleadership.com\/fr\/","logo":{"@type":"ImageObject","inLanguage":"fr-CA","@id":"https:\/\/axelliteleadership.com\/fr\/#\/schema\/logo\/image\/","url":"https:\/\/axelliteleadership.com\/fr\/wp-content\/uploads\/sites\/4\/2021\/05\/logo.png","contentUrl":"https:\/\/axelliteleadership.com\/fr\/wp-content\/uploads\/sites\/4\/2021\/05\/logo.png","width":1000,"height":450,"caption":"Axellite Leadership"},"image":{"@id":"https:\/\/axelliteleadership.com\/fr\/#\/schema\/logo\/image\/"},"sameAs":["https:\/\/www.facebook.com\/upkatarina\/","https:\/\/www.linkedin.com\/company\/axellite-leadership-&amp;-performance\/"]}]}},"_links":{"self":[{"href":"https:\/\/axelliteleadership.com\/fr\/wp-json\/wp\/v2\/pages\/457","targetHints":{"allow":["GET"]}}],"collection":[{"href":"https:\/\/axelliteleadership.com\/fr\/wp-json\/wp\/v2\/pages"}],"about":[{"href":"https:\/\/axelliteleadership.com\/fr\/wp-json\/wp\/v2\/types\/page"}],"author":[{"embeddable":true,"href":"https:\/\/axelliteleadership.com\/fr\/wp-json\/wp\/v2\/users\/2"}],"replies":[{"embeddable":true,"href":"https:\/\/axelliteleadership.com\/fr\/wp-json\/wp\/v2\/comments?post=457"}],"version-history":[{"count":0,"href":"https:\/\/axelliteleadership.com\/fr\/wp-json\/wp\/v2\/pages\/457\/revisions"}],"wp:featuredmedia":[{"embeddable":true,"href":"https:\/\/axelliteleadership.com\/fr\/wp-json\/wp\/v2\/media\/554"}],"wp:attachment":[{"href":"https:\/\/axelliteleadership.com\/fr\/wp-json\/wp\/v2\/media?parent=457"}],"curies":[{"name":"wp","href":"https:\/\/api.w.org\/{rel}","templated":true}]}}