{"id":8,"date":"2021-05-19T10:58:51","date_gmt":"2021-05-19T14:58:51","guid":{"rendered":"http:\/\/axelliteleadership.local\/?page_id=8"},"modified":"2021-09-22T08:40:28","modified_gmt":"2021-09-22T12:40:28","slug":"contact","status":"publish","type":"page","link":"https:\/\/axelliteleadership.com\/fr\/contact\/","title":{"rendered":"Contact"},"content":{"rendered":"\n<h1 class=\"has-text-align-center wp-block-heading\">Contactez<em>-nous<\/em><\/h1>\n\n\n\n<p class=\"has-text-align-center\">Veuillez nous envoyer un message d\u00e9taill\u00e9 avec votre demande et nous vous r\u00e9pondrons dans les plus brefs d\u00e9lais.<\/p>\n\n\n\n<div class=\"block block--contact-info\" id=\"\">\n  <div class=\"container\">\n\n    <div class=\"contact-info\">\n\n  \n  <ul>\n              <li>\n        <a href=\"mailto:info@axelliteleadership.com\">\n          info@axelliteleadership.com        <\/a>\n      <\/li>\n    \n                          <li>\n          <span class=\"location\">\n            CAD:\n          <\/span>\n          <a href=\"tel:+15142236060\">\n            +1 514 223-6060          <\/a>\n        <\/li>\n          \n          <\/ul>\n\n<\/div>\n\n  <\/div>\n<\/div>\n\n\n<div class=\"wpforms-container \" id=\"wpforms-258\"><form id=\"wpforms-form-258\" class=\"wpforms-validate wpforms-form wpforms-ajax-form\" data-formid=\"258\" method=\"post\" enctype=\"multipart\/form-data\" action=\"\/fr\/wp-json\/wp\/v2\/pages\/8\" data-token=\"da60f060bb62a278454de609d8d1bb12\" data-token-time=\"1776225560\"><noscript class=\"wpforms-error-noscript\">Please enable JavaScript in your browser to complete this form.<\/noscript><div class=\"wpforms-field-container\"><div id=\"wpforms-258-field_0-container\" class=\"wpforms-field wpforms-field-name\" data-field-id=\"0\"><label class=\"wpforms-field-label\" for=\"wpforms-258-field_0\">Nom <span class=\"wpforms-required-label\">*<\/span><\/label><input type=\"text\" id=\"wpforms-258-field_0\" class=\"wpforms-field-medium wpforms-field-required\" name=\"wpforms[fields][0]\" required><\/div><div id=\"wpforms-258-field_1-container\" class=\"wpforms-field wpforms-field-email\" data-field-id=\"1\"><label class=\"wpforms-field-label\" for=\"wpforms-258-field_1\">Courriel <span class=\"wpforms-required-label\">*<\/span><\/label><input type=\"email\" id=\"wpforms-258-field_1\" class=\"wpforms-field-medium wpforms-field-required\" name=\"wpforms[fields][1]\" spellcheck=\"false\" required><\/div><div id=\"wpforms-258-field_2-container\" class=\"wpforms-field wpforms-field-textarea\" data-field-id=\"2\"><label class=\"wpforms-field-label\" for=\"wpforms-258-field_2\">Message <span class=\"wpforms-required-label\">*<\/span><\/label><textarea id=\"wpforms-258-field_2\" class=\"wpforms-field-medium wpforms-field-required\" name=\"wpforms[fields][2]\" required><\/textarea><\/div><\/div><!-- .wpforms-field-container --><div class=\"wpforms-recaptcha-container wpforms-is-recaptcha wpforms-is-recaptcha-type-v3\" ><input type=\"hidden\" name=\"wpforms[recaptcha]\" value=\"\"><\/div><div class=\"wpforms-submit-container\" ><input type=\"hidden\" name=\"wpforms[id]\" value=\"258\"><input type=\"hidden\" name=\"page_title\" value=\"\"><input type=\"hidden\" name=\"page_url\" value=\"https:\/\/axelliteleadership.com\/fr\/wp-json\/wp\/v2\/pages\/8\"><input type=\"hidden\" name=\"url_referer\" value=\"\"><button type=\"submit\" name=\"wpforms[submit]\" id=\"wpforms-submit-258\" class=\"wpforms-submit btn btn--solid\" data-alt-text=\"Envoi en cours...\" data-submit-text=\"Envoyer\" aria-live=\"assertive\" value=\"wpforms-submit\">Envoyer<\/button><img loading=\"lazy\" decoding=\"async\" src=\"https:\/\/axelliteleadership.com\/fr\/wp-content\/plugins\/wpforms-lite\/assets\/images\/submit-spin.svg\" class=\"wpforms-submit-spinner\" style=\"display: none;\" width=\"26\" height=\"26\" alt=\"Loading\"><\/div><\/form><\/div>  <!-- .wpforms-container -->\n\n\n\n<p><\/p>\n","protected":false},"excerpt":{"rendered":"<p>Contactez-nous Veuillez nous envoyer un message d\u00e9taill\u00e9 avec votre demande et nous vous r\u00e9pondrons dans les plus brefs d\u00e9lais.<\/p>\n","protected":false},"author":2,"featured_media":386,"parent":0,"menu_order":0,"comment_status":"closed","ping_status":"closed","template":"","meta":{"_acf_changed":false,"inline_featured_image":false,"footnotes":""},"class_list":["post-8","page","type-page","status-publish","has-post-thumbnail","hentry"],"acf":[],"yoast_head":"<!-- This site is optimized with the Yoast SEO plugin v27.4 - https:\/\/yoast.com\/product\/yoast-seo-wordpress\/ -->\n<title>Contact - Axellite Leadership<\/title>\n<meta name=\"description\" content=\"Veuillez nous envoyer un message d\u00e9taill\u00e9 avec votre demande et nous vous r\u00e9pondrons dans les plus brefs d\u00e9lais.\" \/>\n<meta name=\"robots\" content=\"index, follow, max-snippet:-1, max-image-preview:large, max-video-preview:-1\" \/>\n<link rel=\"canonical\" href=\"https:\/\/axelliteleadership.com\/fr\/contact\/\" \/>\n<meta property=\"og:locale\" content=\"fr_CA\" \/>\n<meta property=\"og:type\" content=\"article\" \/>\n<meta property=\"og:title\" content=\"Contact - Axellite Leadership\" \/>\n<meta property=\"og:description\" content=\"Veuillez nous envoyer un message d\u00e9taill\u00e9 avec votre demande et nous vous r\u00e9pondrons dans les plus brefs d\u00e9lais.\" \/>\n<meta property=\"og:url\" content=\"https:\/\/axelliteleadership.com\/fr\/contact\/\" \/>\n<meta property=\"og:site_name\" content=\"Axellite Leadership\" \/>\n<meta property=\"article:publisher\" content=\"https:\/\/www.facebook.com\/upkatarina\/\" \/>\n<meta property=\"article:modified_time\" content=\"2021-09-22T12:40:28+00:00\" \/>\n<meta property=\"og:image\" content=\"https:\/\/axelliteleadership.com\/fr\/wp-content\/uploads\/sites\/4\/2021\/06\/home.jpg\" \/>\n\t<meta property=\"og:image:width\" content=\"1718\" \/>\n\t<meta property=\"og:image:height\" content=\"1050\" \/>\n\t<meta property=\"og:image:type\" content=\"image\/jpeg\" \/>\n<meta name=\"twitter:card\" content=\"summary_large_image\" \/>\n<meta name=\"twitter:label1\" content=\"Estimation du temps de lecture\" \/>\n\t<meta name=\"twitter:data1\" content=\"1 minute\" \/>\n<script type=\"application\/ld+json\" class=\"yoast-schema-graph\">{\"@context\":\"https:\\\/\\\/schema.org\",\"@graph\":[{\"@type\":\"WebPage\",\"@id\":\"https:\\\/\\\/axelliteleadership.com\\\/fr\\\/contact\\\/\",\"url\":\"https:\\\/\\\/axelliteleadership.com\\\/fr\\\/contact\\\/\",\"name\":\"Contact - Axellite Leadership\",\"isPartOf\":{\"@id\":\"https:\\\/\\\/axelliteleadership.com\\\/fr\\\/#website\"},\"primaryImageOfPage\":{\"@id\":\"https:\\\/\\\/axelliteleadership.com\\\/fr\\\/contact\\\/#primaryimage\"},\"image\":{\"@id\":\"https:\\\/\\\/axelliteleadership.com\\\/fr\\\/contact\\\/#primaryimage\"},\"thumbnailUrl\":\"https:\\\/\\\/axelliteleadership.com\\\/fr\\\/wp-content\\\/uploads\\\/sites\\\/4\\\/2021\\\/06\\\/home.jpg\",\"datePublished\":\"2021-05-19T14:58:51+00:00\",\"dateModified\":\"2021-09-22T12:40:28+00:00\",\"description\":\"Veuillez nous envoyer un message d\u00e9taill\u00e9 avec votre demande et nous vous r\u00e9pondrons dans les plus brefs d\u00e9lais.\",\"breadcrumb\":{\"@id\":\"https:\\\/\\\/axelliteleadership.com\\\/fr\\\/contact\\\/#breadcrumb\"},\"inLanguage\":\"fr-CA\",\"potentialAction\":[{\"@type\":\"ReadAction\",\"target\":[\"https:\\\/\\\/axelliteleadership.com\\\/fr\\\/contact\\\/\"]}]},{\"@type\":\"ImageObject\",\"inLanguage\":\"fr-CA\",\"@id\":\"https:\\\/\\\/axelliteleadership.com\\\/fr\\\/contact\\\/#primaryimage\",\"url\":\"https:\\\/\\\/axelliteleadership.com\\\/fr\\\/wp-content\\\/uploads\\\/sites\\\/4\\\/2021\\\/06\\\/home.jpg\",\"contentUrl\":\"https:\\\/\\\/axelliteleadership.com\\\/fr\\\/wp-content\\\/uploads\\\/sites\\\/4\\\/2021\\\/06\\\/home.jpg\",\"width\":1718,\"height\":1050},{\"@type\":\"BreadcrumbList\",\"@id\":\"https:\\\/\\\/axelliteleadership.com\\\/fr\\\/contact\\\/#breadcrumb\",\"itemListElement\":[{\"@type\":\"ListItem\",\"position\":1,\"name\":\"Home\",\"item\":\"https:\\\/\\\/axelliteleadership.com\\\/fr\\\/\"},{\"@type\":\"ListItem\",\"position\":2,\"name\":\"Contact\"}]},{\"@type\":\"WebSite\",\"@id\":\"https:\\\/\\\/axelliteleadership.com\\\/fr\\\/#website\",\"url\":\"https:\\\/\\\/axelliteleadership.com\\\/fr\\\/\",\"name\":\"Axellite Leadership\",\"description\":\"\",\"publisher\":{\"@id\":\"https:\\\/\\\/axelliteleadership.com\\\/fr\\\/#organization\"},\"potentialAction\":[{\"@type\":\"SearchAction\",\"target\":{\"@type\":\"EntryPoint\",\"urlTemplate\":\"https:\\\/\\\/axelliteleadership.com\\\/fr\\\/?s={search_term_string}\"},\"query-input\":{\"@type\":\"PropertyValueSpecification\",\"valueRequired\":true,\"valueName\":\"search_term_string\"}}],\"inLanguage\":\"fr-CA\"},{\"@type\":\"Organization\",\"@id\":\"https:\\\/\\\/axelliteleadership.com\\\/fr\\\/#organization\",\"name\":\"Axellite Leadership\",\"url\":\"https:\\\/\\\/axelliteleadership.com\\\/fr\\\/\",\"logo\":{\"@type\":\"ImageObject\",\"inLanguage\":\"fr-CA\",\"@id\":\"https:\\\/\\\/axelliteleadership.com\\\/fr\\\/#\\\/schema\\\/logo\\\/image\\\/\",\"url\":\"https:\\\/\\\/axelliteleadership.com\\\/fr\\\/wp-content\\\/uploads\\\/sites\\\/4\\\/2021\\\/05\\\/logo.png\",\"contentUrl\":\"https:\\\/\\\/axelliteleadership.com\\\/fr\\\/wp-content\\\/uploads\\\/sites\\\/4\\\/2021\\\/05\\\/logo.png\",\"width\":1000,\"height\":450,\"caption\":\"Axellite Leadership\"},\"image\":{\"@id\":\"https:\\\/\\\/axelliteleadership.com\\\/fr\\\/#\\\/schema\\\/logo\\\/image\\\/\"},\"sameAs\":[\"https:\\\/\\\/www.facebook.com\\\/upkatarina\\\/\",\"https:\\\/\\\/www.linkedin.com\\\/company\\\/axellite-leadership-&amp;-performance\\\/\"]}]}<\/script>\n<!-- \/ Yoast SEO plugin. -->","yoast_head_json":{"title":"Contact - Axellite Leadership","description":"Veuillez nous envoyer un message d\u00e9taill\u00e9 avec votre demande et nous vous r\u00e9pondrons dans les plus brefs d\u00e9lais.","robots":{"index":"index","follow":"follow","max-snippet":"max-snippet:-1","max-image-preview":"max-image-preview:large","max-video-preview":"max-video-preview:-1"},"canonical":"https:\/\/axelliteleadership.com\/fr\/contact\/","og_locale":"fr_CA","og_type":"article","og_title":"Contact - Axellite Leadership","og_description":"Veuillez nous envoyer un message d\u00e9taill\u00e9 avec votre demande et nous vous r\u00e9pondrons dans les plus brefs d\u00e9lais.","og_url":"https:\/\/axelliteleadership.com\/fr\/contact\/","og_site_name":"Axellite Leadership","article_publisher":"https:\/\/www.facebook.com\/upkatarina\/","article_modified_time":"2021-09-22T12:40:28+00:00","og_image":[{"width":1718,"height":1050,"url":"https:\/\/axelliteleadership.com\/fr\/wp-content\/uploads\/sites\/4\/2021\/06\/home.jpg","type":"image\/jpeg"}],"twitter_card":"summary_large_image","twitter_misc":{"Estimation du temps de lecture":"1 minute"},"schema":{"@context":"https:\/\/schema.org","@graph":[{"@type":"WebPage","@id":"https:\/\/axelliteleadership.com\/fr\/contact\/","url":"https:\/\/axelliteleadership.com\/fr\/contact\/","name":"Contact - Axellite Leadership","isPartOf":{"@id":"https:\/\/axelliteleadership.com\/fr\/#website"},"primaryImageOfPage":{"@id":"https:\/\/axelliteleadership.com\/fr\/contact\/#primaryimage"},"image":{"@id":"https:\/\/axelliteleadership.com\/fr\/contact\/#primaryimage"},"thumbnailUrl":"https:\/\/axelliteleadership.com\/fr\/wp-content\/uploads\/sites\/4\/2021\/06\/home.jpg","datePublished":"2021-05-19T14:58:51+00:00","dateModified":"2021-09-22T12:40:28+00:00","description":"Veuillez nous envoyer un message d\u00e9taill\u00e9 avec votre demande et nous vous r\u00e9pondrons dans les plus brefs d\u00e9lais.","breadcrumb":{"@id":"https:\/\/axelliteleadership.com\/fr\/contact\/#breadcrumb"},"inLanguage":"fr-CA","potentialAction":[{"@type":"ReadAction","target":["https:\/\/axelliteleadership.com\/fr\/contact\/"]}]},{"@type":"ImageObject","inLanguage":"fr-CA","@id":"https:\/\/axelliteleadership.com\/fr\/contact\/#primaryimage","url":"https:\/\/axelliteleadership.com\/fr\/wp-content\/uploads\/sites\/4\/2021\/06\/home.jpg","contentUrl":"https:\/\/axelliteleadership.com\/fr\/wp-content\/uploads\/sites\/4\/2021\/06\/home.jpg","width":1718,"height":1050},{"@type":"BreadcrumbList","@id":"https:\/\/axelliteleadership.com\/fr\/contact\/#breadcrumb","itemListElement":[{"@type":"ListItem","position":1,"name":"Home","item":"https:\/\/axelliteleadership.com\/fr\/"},{"@type":"ListItem","position":2,"name":"Contact"}]},{"@type":"WebSite","@id":"https:\/\/axelliteleadership.com\/fr\/#website","url":"https:\/\/axelliteleadership.com\/fr\/","name":"Axellite Leadership","description":"","publisher":{"@id":"https:\/\/axelliteleadership.com\/fr\/#organization"},"potentialAction":[{"@type":"SearchAction","target":{"@type":"EntryPoint","urlTemplate":"https:\/\/axelliteleadership.com\/fr\/?s={search_term_string}"},"query-input":{"@type":"PropertyValueSpecification","valueRequired":true,"valueName":"search_term_string"}}],"inLanguage":"fr-CA"},{"@type":"Organization","@id":"https:\/\/axelliteleadership.com\/fr\/#organization","name":"Axellite Leadership","url":"https:\/\/axelliteleadership.com\/fr\/","logo":{"@type":"ImageObject","inLanguage":"fr-CA","@id":"https:\/\/axelliteleadership.com\/fr\/#\/schema\/logo\/image\/","url":"https:\/\/axelliteleadership.com\/fr\/wp-content\/uploads\/sites\/4\/2021\/05\/logo.png","contentUrl":"https:\/\/axelliteleadership.com\/fr\/wp-content\/uploads\/sites\/4\/2021\/05\/logo.png","width":1000,"height":450,"caption":"Axellite Leadership"},"image":{"@id":"https:\/\/axelliteleadership.com\/fr\/#\/schema\/logo\/image\/"},"sameAs":["https:\/\/www.facebook.com\/upkatarina\/","https:\/\/www.linkedin.com\/company\/axellite-leadership-&amp;-performance\/"]}]}},"_links":{"self":[{"href":"https:\/\/axelliteleadership.com\/fr\/wp-json\/wp\/v2\/pages\/8","targetHints":{"allow":["GET"]}}],"collection":[{"href":"https:\/\/axelliteleadership.com\/fr\/wp-json\/wp\/v2\/pages"}],"about":[{"href":"https:\/\/axelliteleadership.com\/fr\/wp-json\/wp\/v2\/types\/page"}],"author":[{"embeddable":true,"href":"https:\/\/axelliteleadership.com\/fr\/wp-json\/wp\/v2\/users\/2"}],"replies":[{"embeddable":true,"href":"https:\/\/axelliteleadership.com\/fr\/wp-json\/wp\/v2\/comments?post=8"}],"version-history":[{"count":0,"href":"https:\/\/axelliteleadership.com\/fr\/wp-json\/wp\/v2\/pages\/8\/revisions"}],"wp:featuredmedia":[{"embeddable":true,"href":"https:\/\/axelliteleadership.com\/fr\/wp-json\/wp\/v2\/media\/386"}],"wp:attachment":[{"href":"https:\/\/axelliteleadership.com\/fr\/wp-json\/wp\/v2\/media?parent=8"}],"curies":[{"name":"wp","href":"https:\/\/api.w.org\/{rel}","templated":true}]}}