{"id":821,"date":"2023-05-31T16:53:39","date_gmt":"2023-05-31T20:53:39","guid":{"rendered":"https:\/\/axelliteleadership.com\/fr\/?page_id=821"},"modified":"2023-09-11T14:46:20","modified_gmt":"2023-09-11T18:46:20","slug":"conferences","status":"publish","type":"page","link":"https:\/\/axelliteleadership.com\/fr\/conferences\/","title":{"rendered":"Conf\u00e9rences"},"content":{"rendered":"\n<div class=\"block block--hero\" id=\"\">\n  <div class=\"container\">\n\n    <div class=\"content\">\n      <h1>\n        Notre <br><em>Conf\u00e9rence<\/em>      <\/h1>\n      <p>CONF\u00c9RENCE DE 90 MINS, VIRTUELLE OU EN PERSONNE<\/p>\n    <\/div>\n\n    <div class=\"decoration\">\n      <div class=\"picture\">\n        <img loading=\"lazy\" decoding=\"async\" width=\"860\" height=\"525\" src=\"https:\/\/axelliteleadership.com\/fr\/wp-content\/uploads\/sites\/4\/2023\/05\/image001-2-860x525.jpg\" class=\"attachment-hero size-hero wp-post-image\" alt=\"\" \/>      <\/div>\n      <div class=\"catchphrase\">\n  \u00c9valuations 360\u00b0 <span>\u2022<\/span> Facilitation <span>\u2022<\/span> Coaching<\/div>\n    <\/div>\n\n  <\/div>\n<\/div>\n\n\n\n<h4 class=\"wp-block-heading has-text-align-center\" style=\"text-transform:uppercase\"><strong>4 secret<\/strong>s pour passer&nbsp;de la survie \u00e0 la <strong>r\u00e9alisation&nbsp;de soi au travail et dans la vie<\/strong><\/h4>\n\n\n\n<div class=\"block block--key-points conference-key-points\" id=\"\">\n  <div class=\"container\">\n\n    \n          <ul>\n                  <li>\n            <div class=\"icon\">\n              <img loading=\"lazy\" decoding=\"async\" width=\"32\" height=\"100\" src=\"https:\/\/axelliteleadership.com\/fr\/wp-content\/uploads\/sites\/4\/2023\/05\/1-32x100.png\" class=\"attachment-icon size-icon\" alt=\"\" srcset=\"https:\/\/axelliteleadership.com\/fr\/wp-content\/uploads\/sites\/4\/2023\/05\/1-32x100.png 32w, https:\/\/axelliteleadership.com\/fr\/wp-content\/uploads\/sites\/4\/2023\/05\/1-56x175.png 56w, https:\/\/axelliteleadership.com\/fr\/wp-content\/uploads\/sites\/4\/2023\/05\/1.png 88w\" sizes=\"auto, (max-width: 32px) 100vw, 32px\" \/>            <\/div>\n            <div class=\"content\">\n              <p>Priorisez avant tout la\u00a0<strong>gestion\u00a0de\u00a0votre \u00e9nergie<\/strong><\/p>\n            <\/div>\n          <\/li>\n                  <li>\n            <div class=\"icon\">\n              <img loading=\"lazy\" decoding=\"async\" width=\"57\" height=\"100\" src=\"https:\/\/axelliteleadership.com\/fr\/wp-content\/uploads\/sites\/4\/2023\/05\/2-57x100.png\" class=\"attachment-icon size-icon\" alt=\"\" srcset=\"https:\/\/axelliteleadership.com\/fr\/wp-content\/uploads\/sites\/4\/2023\/05\/2-57x100.png 57w, https:\/\/axelliteleadership.com\/fr\/wp-content\/uploads\/sites\/4\/2023\/05\/2-100x176.png 100w, https:\/\/axelliteleadership.com\/fr\/wp-content\/uploads\/sites\/4\/2023\/05\/2-99x175.png 99w, https:\/\/axelliteleadership.com\/fr\/wp-content\/uploads\/sites\/4\/2023\/05\/2.png 155w\" sizes=\"auto, (max-width: 57px) 100vw, 57px\" \/>            <\/div>\n            <div class=\"content\">\n              <p class=\"p1\">Activez les super-pouvoirs de <strong>votre\u00a0intelligence \u00e9motionnelle<\/strong><\/p>\n            <\/div>\n          <\/li>\n                  <li>\n            <div class=\"icon\">\n              <img loading=\"lazy\" decoding=\"async\" width=\"57\" height=\"100\" src=\"https:\/\/axelliteleadership.com\/fr\/wp-content\/uploads\/sites\/4\/2023\/05\/3-57x100.png\" class=\"attachment-icon size-icon\" alt=\"\" srcset=\"https:\/\/axelliteleadership.com\/fr\/wp-content\/uploads\/sites\/4\/2023\/05\/3-57x100.png 57w, https:\/\/axelliteleadership.com\/fr\/wp-content\/uploads\/sites\/4\/2023\/05\/3-100x176.png 100w, https:\/\/axelliteleadership.com\/fr\/wp-content\/uploads\/sites\/4\/2023\/05\/3-99x175.png 99w, https:\/\/axelliteleadership.com\/fr\/wp-content\/uploads\/sites\/4\/2023\/05\/3.png 155w\" sizes=\"auto, (max-width: 57px) 100vw, 57px\" \/>            <\/div>\n            <div class=\"content\">\n              <p>Tirez parti de ce que\u00a0font les <strong>meilleurs\u00a0athl\u00e8tes<\/strong> de haut niveau\u00a0pour r\u00e9ussir<\/p>\n            <\/div>\n          <\/li>\n                  <li>\n            <div class=\"icon\">\n              <img loading=\"lazy\" decoding=\"async\" width=\"59\" height=\"100\" src=\"https:\/\/axelliteleadership.com\/fr\/wp-content\/uploads\/sites\/4\/2023\/05\/4-59x100.png\" class=\"attachment-icon size-icon\" alt=\"\" srcset=\"https:\/\/axelliteleadership.com\/fr\/wp-content\/uploads\/sites\/4\/2023\/05\/4-59x100.png 59w, https:\/\/axelliteleadership.com\/fr\/wp-content\/uploads\/sites\/4\/2023\/05\/4-100x170.png 100w, https:\/\/axelliteleadership.com\/fr\/wp-content\/uploads\/sites\/4\/2023\/05\/4-103x175.png 103w, https:\/\/axelliteleadership.com\/fr\/wp-content\/uploads\/sites\/4\/2023\/05\/4.png 161w\" sizes=\"auto, (max-width: 59px) 100vw, 59px\" \/>            <\/div>\n            <div class=\"content\">\n              <p>Apprenez \u00e0 rester<strong>\u00a0calme sous la pression<\/strong><\/p>\n            <\/div>\n          <\/li>\n              <\/ul>\n    \n  <\/div>\n<\/div>\n\n\n\n<figure class=\"wp-block-embed aligncenter is-type-video is-provider-vimeo wp-block-embed-vimeo conference-video\"><div class=\"wp-block-embed__wrapper\">\n<iframe loading=\"lazy\" title=\"Axellite Leadership - confe\u0301rences fran\u00e7ais\" src=\"https:\/\/player.vimeo.com\/video\/832259950?dnt=1&amp;app_id=122963\" width=\"500\" height=\"250\" frameborder=\"0\" allow=\"autoplay; fullscreen; picture-in-picture; clipboard-write\"><\/iframe>\n<\/div><\/figure>\n\n\n\n<div class=\"block block--button\" id=\"\">\n  <div class=\"container\">\n\n          <h2>\n        CONTACTEZ-NOUS POUR PLUS D&rsquo;INFORMATIONS      <\/h2>\n    \n          <a class=\"btn btn--solid\" href=\"https:\/\/axelliteleadership.com\/fr\/contact\/\" target=\"_self\">\n        Contactez-nous      <\/a>\n    \n  <\/div>\n<\/div>\n","protected":false},"excerpt":{"rendered":"<p>4 secrets pour passer&nbsp;de la survie \u00e0 la r\u00e9alisation&nbsp;de soi au travail et dans la vie<\/p>\n","protected":false},"author":2,"featured_media":822,"parent":0,"menu_order":0,"comment_status":"closed","ping_status":"closed","template":"","meta":{"_acf_changed":false,"inline_featured_image":false,"footnotes":""},"class_list":["post-821","page","type-page","status-publish","has-post-thumbnail","hentry"],"acf":[],"yoast_head":"<!-- This site is optimized with the Yoast SEO plugin v27.4 - https:\/\/yoast.com\/product\/yoast-seo-wordpress\/ -->\n<title>Conf\u00e9rences - Axellite Leadership<\/title>\n<meta name=\"robots\" content=\"index, follow, max-snippet:-1, max-image-preview:large, max-video-preview:-1\" \/>\n<link rel=\"canonical\" href=\"https:\/\/axelliteleadership.com\/fr\/conferences\/\" \/>\n<meta property=\"og:locale\" content=\"fr_CA\" \/>\n<meta property=\"og:type\" content=\"article\" \/>\n<meta property=\"og:title\" content=\"Conf\u00e9rences - Axellite Leadership\" \/>\n<meta property=\"og:description\" content=\"4 secrets pour passer&nbsp;de la survie \u00e0 la r\u00e9alisation&nbsp;de soi au travail et dans la vie\" \/>\n<meta property=\"og:url\" content=\"https:\/\/axelliteleadership.com\/fr\/conferences\/\" \/>\n<meta property=\"og:site_name\" content=\"Axellite Leadership\" \/>\n<meta property=\"article:publisher\" content=\"https:\/\/www.facebook.com\/upkatarina\/\" \/>\n<meta property=\"article:modified_time\" content=\"2023-09-11T18:46:20+00:00\" \/>\n<meta property=\"og:image\" content=\"https:\/\/axelliteleadership.com\/fr\/wp-content\/uploads\/sites\/4\/2023\/05\/image001-2-scaled.jpg\" \/>\n\t<meta property=\"og:image:width\" content=\"2560\" \/>\n\t<meta property=\"og:image:height\" content=\"1707\" \/>\n\t<meta property=\"og:image:type\" content=\"image\/jpeg\" \/>\n<meta name=\"twitter:card\" content=\"summary_large_image\" \/>\n<script type=\"application\/ld+json\" class=\"yoast-schema-graph\">{\"@context\":\"https:\\\/\\\/schema.org\",\"@graph\":[{\"@type\":\"WebPage\",\"@id\":\"https:\\\/\\\/axelliteleadership.com\\\/fr\\\/conferences\\\/\",\"url\":\"https:\\\/\\\/axelliteleadership.com\\\/fr\\\/conferences\\\/\",\"name\":\"Conf\u00e9rences - Axellite Leadership\",\"isPartOf\":{\"@id\":\"https:\\\/\\\/axelliteleadership.com\\\/fr\\\/#website\"},\"primaryImageOfPage\":{\"@id\":\"https:\\\/\\\/axelliteleadership.com\\\/fr\\\/conferences\\\/#primaryimage\"},\"image\":{\"@id\":\"https:\\\/\\\/axelliteleadership.com\\\/fr\\\/conferences\\\/#primaryimage\"},\"thumbnailUrl\":\"https:\\\/\\\/axelliteleadership.com\\\/fr\\\/wp-content\\\/uploads\\\/sites\\\/4\\\/2023\\\/05\\\/image001-2-scaled.jpg\",\"datePublished\":\"2023-05-31T20:53:39+00:00\",\"dateModified\":\"2023-09-11T18:46:20+00:00\",\"breadcrumb\":{\"@id\":\"https:\\\/\\\/axelliteleadership.com\\\/fr\\\/conferences\\\/#breadcrumb\"},\"inLanguage\":\"fr-CA\",\"potentialAction\":[{\"@type\":\"ReadAction\",\"target\":[\"https:\\\/\\\/axelliteleadership.com\\\/fr\\\/conferences\\\/\"]}]},{\"@type\":\"ImageObject\",\"inLanguage\":\"fr-CA\",\"@id\":\"https:\\\/\\\/axelliteleadership.com\\\/fr\\\/conferences\\\/#primaryimage\",\"url\":\"https:\\\/\\\/axelliteleadership.com\\\/fr\\\/wp-content\\\/uploads\\\/sites\\\/4\\\/2023\\\/05\\\/image001-2-scaled.jpg\",\"contentUrl\":\"https:\\\/\\\/axelliteleadership.com\\\/fr\\\/wp-content\\\/uploads\\\/sites\\\/4\\\/2023\\\/05\\\/image001-2-scaled.jpg\",\"width\":2560,\"height\":1707},{\"@type\":\"BreadcrumbList\",\"@id\":\"https:\\\/\\\/axelliteleadership.com\\\/fr\\\/conferences\\\/#breadcrumb\",\"itemListElement\":[{\"@type\":\"ListItem\",\"position\":1,\"name\":\"Home\",\"item\":\"https:\\\/\\\/axelliteleadership.com\\\/fr\\\/\"},{\"@type\":\"ListItem\",\"position\":2,\"name\":\"Conf\u00e9rences\"}]},{\"@type\":\"WebSite\",\"@id\":\"https:\\\/\\\/axelliteleadership.com\\\/fr\\\/#website\",\"url\":\"https:\\\/\\\/axelliteleadership.com\\\/fr\\\/\",\"name\":\"Axellite Leadership\",\"description\":\"\",\"publisher\":{\"@id\":\"https:\\\/\\\/axelliteleadership.com\\\/fr\\\/#organization\"},\"potentialAction\":[{\"@type\":\"SearchAction\",\"target\":{\"@type\":\"EntryPoint\",\"urlTemplate\":\"https:\\\/\\\/axelliteleadership.com\\\/fr\\\/?s={search_term_string}\"},\"query-input\":{\"@type\":\"PropertyValueSpecification\",\"valueRequired\":true,\"valueName\":\"search_term_string\"}}],\"inLanguage\":\"fr-CA\"},{\"@type\":\"Organization\",\"@id\":\"https:\\\/\\\/axelliteleadership.com\\\/fr\\\/#organization\",\"name\":\"Axellite Leadership\",\"url\":\"https:\\\/\\\/axelliteleadership.com\\\/fr\\\/\",\"logo\":{\"@type\":\"ImageObject\",\"inLanguage\":\"fr-CA\",\"@id\":\"https:\\\/\\\/axelliteleadership.com\\\/fr\\\/#\\\/schema\\\/logo\\\/image\\\/\",\"url\":\"https:\\\/\\\/axelliteleadership.com\\\/fr\\\/wp-content\\\/uploads\\\/sites\\\/4\\\/2021\\\/05\\\/logo.png\",\"contentUrl\":\"https:\\\/\\\/axelliteleadership.com\\\/fr\\\/wp-content\\\/uploads\\\/sites\\\/4\\\/2021\\\/05\\\/logo.png\",\"width\":1000,\"height\":450,\"caption\":\"Axellite Leadership\"},\"image\":{\"@id\":\"https:\\\/\\\/axelliteleadership.com\\\/fr\\\/#\\\/schema\\\/logo\\\/image\\\/\"},\"sameAs\":[\"https:\\\/\\\/www.facebook.com\\\/upkatarina\\\/\",\"https:\\\/\\\/www.linkedin.com\\\/company\\\/axellite-leadership-&amp;-performance\\\/\"]}]}<\/script>\n<!-- \/ Yoast SEO plugin. -->","yoast_head_json":{"title":"Conf\u00e9rences - Axellite Leadership","robots":{"index":"index","follow":"follow","max-snippet":"max-snippet:-1","max-image-preview":"max-image-preview:large","max-video-preview":"max-video-preview:-1"},"canonical":"https:\/\/axelliteleadership.com\/fr\/conferences\/","og_locale":"fr_CA","og_type":"article","og_title":"Conf\u00e9rences - Axellite Leadership","og_description":"4 secrets pour passer&nbsp;de la survie \u00e0 la r\u00e9alisation&nbsp;de soi au travail et dans la vie","og_url":"https:\/\/axelliteleadership.com\/fr\/conferences\/","og_site_name":"Axellite Leadership","article_publisher":"https:\/\/www.facebook.com\/upkatarina\/","article_modified_time":"2023-09-11T18:46:20+00:00","og_image":[{"width":2560,"height":1707,"url":"https:\/\/axelliteleadership.com\/fr\/wp-content\/uploads\/sites\/4\/2023\/05\/image001-2-scaled.jpg","type":"image\/jpeg"}],"twitter_card":"summary_large_image","schema":{"@context":"https:\/\/schema.org","@graph":[{"@type":"WebPage","@id":"https:\/\/axelliteleadership.com\/fr\/conferences\/","url":"https:\/\/axelliteleadership.com\/fr\/conferences\/","name":"Conf\u00e9rences - Axellite Leadership","isPartOf":{"@id":"https:\/\/axelliteleadership.com\/fr\/#website"},"primaryImageOfPage":{"@id":"https:\/\/axelliteleadership.com\/fr\/conferences\/#primaryimage"},"image":{"@id":"https:\/\/axelliteleadership.com\/fr\/conferences\/#primaryimage"},"thumbnailUrl":"https:\/\/axelliteleadership.com\/fr\/wp-content\/uploads\/sites\/4\/2023\/05\/image001-2-scaled.jpg","datePublished":"2023-05-31T20:53:39+00:00","dateModified":"2023-09-11T18:46:20+00:00","breadcrumb":{"@id":"https:\/\/axelliteleadership.com\/fr\/conferences\/#breadcrumb"},"inLanguage":"fr-CA","potentialAction":[{"@type":"ReadAction","target":["https:\/\/axelliteleadership.com\/fr\/conferences\/"]}]},{"@type":"ImageObject","inLanguage":"fr-CA","@id":"https:\/\/axelliteleadership.com\/fr\/conferences\/#primaryimage","url":"https:\/\/axelliteleadership.com\/fr\/wp-content\/uploads\/sites\/4\/2023\/05\/image001-2-scaled.jpg","contentUrl":"https:\/\/axelliteleadership.com\/fr\/wp-content\/uploads\/sites\/4\/2023\/05\/image001-2-scaled.jpg","width":2560,"height":1707},{"@type":"BreadcrumbList","@id":"https:\/\/axelliteleadership.com\/fr\/conferences\/#breadcrumb","itemListElement":[{"@type":"ListItem","position":1,"name":"Home","item":"https:\/\/axelliteleadership.com\/fr\/"},{"@type":"ListItem","position":2,"name":"Conf\u00e9rences"}]},{"@type":"WebSite","@id":"https:\/\/axelliteleadership.com\/fr\/#website","url":"https:\/\/axelliteleadership.com\/fr\/","name":"Axellite Leadership","description":"","publisher":{"@id":"https:\/\/axelliteleadership.com\/fr\/#organization"},"potentialAction":[{"@type":"SearchAction","target":{"@type":"EntryPoint","urlTemplate":"https:\/\/axelliteleadership.com\/fr\/?s={search_term_string}"},"query-input":{"@type":"PropertyValueSpecification","valueRequired":true,"valueName":"search_term_string"}}],"inLanguage":"fr-CA"},{"@type":"Organization","@id":"https:\/\/axelliteleadership.com\/fr\/#organization","name":"Axellite Leadership","url":"https:\/\/axelliteleadership.com\/fr\/","logo":{"@type":"ImageObject","inLanguage":"fr-CA","@id":"https:\/\/axelliteleadership.com\/fr\/#\/schema\/logo\/image\/","url":"https:\/\/axelliteleadership.com\/fr\/wp-content\/uploads\/sites\/4\/2021\/05\/logo.png","contentUrl":"https:\/\/axelliteleadership.com\/fr\/wp-content\/uploads\/sites\/4\/2021\/05\/logo.png","width":1000,"height":450,"caption":"Axellite Leadership"},"image":{"@id":"https:\/\/axelliteleadership.com\/fr\/#\/schema\/logo\/image\/"},"sameAs":["https:\/\/www.facebook.com\/upkatarina\/","https:\/\/www.linkedin.com\/company\/axellite-leadership-&amp;-performance\/"]}]}},"_links":{"self":[{"href":"https:\/\/axelliteleadership.com\/fr\/wp-json\/wp\/v2\/pages\/821","targetHints":{"allow":["GET"]}}],"collection":[{"href":"https:\/\/axelliteleadership.com\/fr\/wp-json\/wp\/v2\/pages"}],"about":[{"href":"https:\/\/axelliteleadership.com\/fr\/wp-json\/wp\/v2\/types\/page"}],"author":[{"embeddable":true,"href":"https:\/\/axelliteleadership.com\/fr\/wp-json\/wp\/v2\/users\/2"}],"replies":[{"embeddable":true,"href":"https:\/\/axelliteleadership.com\/fr\/wp-json\/wp\/v2\/comments?post=821"}],"version-history":[{"count":0,"href":"https:\/\/axelliteleadership.com\/fr\/wp-json\/wp\/v2\/pages\/821\/revisions"}],"wp:featuredmedia":[{"embeddable":true,"href":"https:\/\/axelliteleadership.com\/fr\/wp-json\/wp\/v2\/media\/822"}],"wp:attachment":[{"href":"https:\/\/axelliteleadership.com\/fr\/wp-json\/wp\/v2\/media?parent=821"}],"curies":[{"name":"wp","href":"https:\/\/api.w.org\/{rel}","templated":true}]}}